{"id":182961,"date":"2022-11-01T09:42:14","date_gmt":"2022-11-01T16:42:14","guid":{"rendered":"https:\/\/thinklucid.com\/microsatellite-captures-high-resolution-imagery\/"},"modified":"2025-09-24T10:52:36","modified_gmt":"2025-09-24T17:52:36","slug":"microsatellite-captures-high-resolution-imagery","status":"publish","type":"page","link":"https:\/\/thinklucid.com\/de\/case-studies\/microsatellite-captures-high-resolution-imagery\/","title":{"rendered":"Mikrosatellit mit LUCIDs Atlas 31,4\u202fMP 5GigE-Kamera"},"content":{"rendered":"<div class=\"wpb-content-wrapper\"><p>[vc_row css=&#8220;.vc_custom_1667321764628{background-image: url(https:\/\/mlxrlrwirvff.i.optimole.com\/cb:UhP2~57313\/w:auto\/h:auto\/q:75\/https:\/\/thinklucid.com\/wp-content\/uploads\/2022\/11\/Microsatellite-Captures-High-Resolution-atlas-5gige.jpg?id=127488) !important;background-position: center !important;background-repeat: no-repeat !important;background-size: cover !important;}&#8220;][vc_column][vc_empty_space height=&#8220;30px&#8220;][vc_custom_heading text=&#8220;FALLSTUDIE&#8220; font_container=&#8220;tag:h1|font_size:70px|text_align:left|color:%23ffffff&#8220; google_fonts=&#8220;font_family:Exo%3A100%2C100italic%2C200%2C200italic%2C300%2C300italic%2Cregular%2Citalic%2C500%2C500italic%2C600%2C600italic%2C700%2C700italic%2C800%2C800italic%2C900%2C900italic|font_style:300%20light%20regular%3A300%3Anormal&#8220; css=&#8220;.vc_custom_1752735969485{margin-left: 55px !important;}&#8220;][vc_custom_heading text=&#8220;Mikrosatellit erfasst hochaufl\u00f6sende Bilder<br \/>\nmit der Atlas 31,4 MP 5GigE-Kamera&#8220; font_container=&#8220;tag:h2|font_size:18px|text_align:left|color:%23ffffff&#8220; google_fonts=&#8220;font_family:Exo%3A100%2C100italic%2C200%2C200italic%2C300%2C300italic%2Cregular%2Citalic%2C500%2C500italic%2C600%2C600italic%2C700%2C700italic%2C800%2C800italic%2C900%2C900italic|font_style:400%20regular%3A400%3Anormal&#8220; css=&#8220;.vc_custom_1751908782044{margin-top: -30px !important;margin-bottom: 230px !important;margin-left: 58px !important;}&#8220;][\/vc_column][\/vc_row][vc_row][vc_column][vc_raw_html css=&#8220;&#8220;]JTNDb2wlMjBjbGFzcyUzRCUyMmJyZWFkY3J1bWIlMjIlMjBzdHlsZSUzRCUyMnBhZGRpbmctdG9wJTNBMTBweCUyMiUzRSUwQSUyMCUzQ2xpJTNFJTBBJTIwJTIwJTIwJTIwJTIwJTIwJTIwJTIwJTNDYSUyMGhyZWYlM0QlMjIlMkZkZSUyRiUyMiUzRUhvbWUlM0MlMkZhJTNFJTBBJTIwJTIwJTIwJTIwJTIwJTIwJTNDJTJGbGklM0UlMEElMjAlMjAlMjAlMjAlMjAlMjAlM0NsaSUzRSUwQSUyMCUyMCUyMCUyMCUyMCUyMCUyMCUyMCUzQ2ElMjBocmVmJTNEJTIyJTJGZGUlMkZjYXNlLXN0dWRpZXMlMkYlMjIlM0VDYXNlJTIwU3R1ZGllcyUzQyUyRmElM0UlMEElMjAlMjAlMjAlMjAlMjAlMjAlM0MlMkZsaSUzRSUwQSUyMCUyMCUyMCUyMCUyMCUyMCUzQ2xpJTNFTWlrcm9zYXRlbGxpdCUyMGVyZmFzc3QlMjBob2NoYXVmbCVDMyVCNnNlbmRlJTIwQmlsZGVyJTIwbWl0JTIwZGVyJTIwQXRsYXMlMjAzMSUyQzQlMjBNUCUyMDVHaWdFLUthbWVyYSUwQSUyMCUyMCUyMCUyMCUyMCUyMCUzQyUyRmxpJTNFJTBBJTIwJTIwJTIwJTIwJTNDJTJGb2wlM0U=[\/vc_raw_html][vc_custom_heading text=&#8220;Mikrosatellit erfasst hochaufl\u00f6sende Bilder mit der Atlas 31,4 MP 5GigE-Kamera&#8220; font_container=&#8220;tag:h1|text_align:center&#8220; google_fonts=&#8220;font_family:Exo%3A100%2C100italic%2C200%2C200italic%2C300%2C300italic%2Cregular%2Citalic%2C500%2C500italic%2C600%2C600italic%2C700%2C700italic%2C800%2C800italic%2C900%2C900italic|font_style:400%20regular%3A400%3Anormal&#8220; css_animation=&#8220;fadeInDown&#8220; css=&#8220;&#8220;][\/vc_column][\/vc_row][vc_row equal_height=&#8220;yes&#8220; content_placement=&#8220;middle&#8220;][vc_column width=&#8220;2\/3&#8243; offset=&#8220;vc_col-lg-8 vc_col-md-8 vc_col-xs-12&#8243;][vc_column_text css=&#8220;&#8220;]Harada Seiki, ein Anlagenhersteller mit Sitz in Hamamatsu City, entwickelte und fertigte gemeinsam mit dem Telekommunikationsger\u00e4tehersteller Addnics (Tokio) und dem Kyushu Institute of Technology (Kitakyushu) einen Mikrosatelliten. Der Satellit wurde am 24. M\u00e4rz 2022 von der Internationalen Raumstation (ISS) aus in die Umlaufbahn gebracht, woraufhin verschiedene Demonstrationsexperimente zur Erdbeobachtung und Hochgeschwindigkeitskommunikation durchgef\u00fchrt wurden.[\/vc_column_text][\/vc_column][vc_column width=&#8220;1\/3&#8243; offset=&#8220;vc_col-lg-4 vc_col-md-4 vc_col-xs-12&#8243;][vc_single_image image=&#8220;127494&#8243; img_size=&#8220;full&#8220; onclick=&#8220;link_image&#8220;][vc_column_text]<\/p>\n<p style=\"text-align: center; font-size: small; color: black;\">The Kitsune satellite &#8222;Wide 6U&#8220;<\/p>\n<p>[\/vc_column_text][\/vc_column][\/vc_row][vc_row css=&#8220;.vc_custom_1601492287178{margin-bottom: 25px !important;}&#8220;][vc_column][vc_custom_heading text=&#8220;Herausforderung&#8220; google_fonts=&#8220;font_family:Exo%3A100%2C100italic%2C200%2C200italic%2C300%2C300italic%2Cregular%2Citalic%2C500%2C500italic%2C600%2C600italic%2C700%2C700italic%2C800%2C800italic%2C900%2C900italic|font_style:400%20regular%3A400%3Anormal&#8220; css=&#8220;&#8220;][vc_column_text css=&#8220;&#8220;]Auch wenn Satelliten immer leistungsf\u00e4higer werden, m\u00fcssen sie zunehmend strengere Anforderungen erf\u00fcllen: kompakte Gr\u00f6\u00dfe und geringes Gewicht, hohe Zuverl\u00e4ssigkeit bei extremen Temperaturschwankungen im All, Vibrations- und Sto\u00dffestigkeit beim Start sowie der Einsatz leistungsstarker Bildgebungskameras f\u00fcr den Hochgeschwindigkeitsbetrieb. Gleichzeitig m\u00fcssen sie zahlreiche Sicherheitspr\u00fcfungen bestehen und dabei wirtschaftlich bleiben.[\/vc_column_text][\/vc_column][\/vc_row][vc_row css=&#8220;.vc_custom_1601492447718{margin-bottom: 25px !important;}&#8220;][vc_column offset=&#8220;vc_col-lg-12 vc_col-md-12&#8243;][vc_custom_heading text=&#8220;L\u00f6sung&#8220; google_fonts=&#8220;font_family:Exo%3A100%2C100italic%2C200%2C200italic%2C300%2C300italic%2Cregular%2Citalic%2C500%2C500italic%2C600%2C600italic%2C700%2C700italic%2C800%2C800italic%2C900%2C900italic|font_style:400%20regular%3A400%3Anormal&#8220; css=&#8220;&#8220;][vc_column_text css=&#8220;.vc_custom_1751908898616{margin-bottom: 25px !important;}&#8220;]Der &#8222;Wide 6U&#8220;-Satellit von Kitsune ist kastenf\u00f6rmig, 30 cm lang, 20 cm breit, 10 cm hoch und wiegt etwa 8 kg. Er bewegt sich mit einer Geschwindigkeit von 7,7 km\/s und ben\u00f6tigt etwa 90 Minuten f\u00fcr einen Umlauf in 400 km H\u00f6he \u00fcber der Erdoberfl\u00e4che. Mit dem doppelten Volumen typischer Mikrosatelliten bietet er Platz f\u00fcr gr\u00f6\u00dfere Bildgebungssysteme.[\/vc_column_text][\/vc_column][\/vc_row][vc_row equal_height=&#8220;yes&#8220; content_placement=&#8220;middle&#8220;][vc_column width=&#8220;7\/12&#8243;][vc_single_image image=&#8220;127505&#8243; img_size=&#8220;full&#8220; alignment=&#8220;center&#8220; onclick=&#8220;link_image&#8220; css_animation=&#8220;fadeInLeft&#8220;][\/vc_column][vc_column width=&#8220;5\/12&#8243;][vc_single_image image=&#8220;127501&#8243; img_size=&#8220;full&#8220; alignment=&#8220;center&#8220; onclick=&#8220;link_image&#8220; css_animation=&#8220;fadeInRight&#8220;][\/vc_column][\/vc_row][vc_row css=&#8220;.vc_custom_1601492447718{margin-bottom: 25px !important;}&#8220;][vc_column css=&#8220;.vc_custom_1667324676572{margin-top: 45px !important;}&#8220;][vc_column_text css=&#8220;&#8220;]Rundum befestigte Solarpanels versorgen das System mit Strom und steuern dessen Bewegungen. Ausgestattet mit einem hochpr\u00e4zisen Teleskop und Hochgeschwindigkeitskommunikationseinheiten kann der Satellit Objekte auf der Erdoberfl\u00e4che bis zu 5\u00d75 Meter Gr\u00f6\u00dfe erkennen. Harada Seiki setzte die Atlas 5GigE-Kamera von LUCID mit dem 31,4 MP CMOS-Global-Shutter-Sensor von Sony ein. Die Kamera liefert hervorragende Bildqualit\u00e4t mit extrem niedrigem Rauschen, hohem Dynamikumfang und hoher Quanteneffizienz.[\/vc_column_text][vc_column_text css=&#8220;.vc_custom_1751909577184{margin-top: 25px !important;}&#8220;]Die kompakte Bauform (55\u00d755\u00d770 mm) der Atlas-Kamera ist bekannt f\u00fcr ihr &#8222;Factory Tough&#8220;-Design, das Vibrationen und St\u00f6\u00dfe standh\u00e4lt und sie ideal f\u00fcr industrielle und raumfahrtspezifische Anwendungen macht. Dar\u00fcber hinaus verf\u00fcgt die Atlas-Kamera \u00fcber eine Aktive Sensorausrichtung-Technologie, die die optische Leistung gro\u00dfformatiger Sensoren maximiert. Diese Funktion ist besonders geeignet f\u00fcr Vision-Anwendungen, die h\u00f6chste Kamera-Pr\u00e4zision erfordern. Beim Einsatz eines Teleobjektivs war eine exakte Ausrichtung zwischen Sensor und Objektivanschluss entscheidend, um auch in den Ecken scharfe, detailreiche Bilder zu erhalten.[\/vc_column_text][vc_single_image image=&#8220;127753&#8243; img_size=&#8220;full&#8220; alignment=&#8220;center&#8220; onclick=&#8220;link_image&#8220;][\/vc_column][vc_column offset=&#8220;vc_col-lg-12 vc_col-md-12&#8243; css=&#8220;.vc_custom_1667324683556{margin-top: 45px !important;}&#8220;][vc_text_separator title=&#8220;Atlas 5GigE Kamera&#8220; color=&#8220;black&#8220; css=&#8220;.vc_custom_1751910759286{margin-top: 25px !important;margin-bottom: 25px !important;}&#8220;][vc_gallery type=&#8220;image_grid&#8220; images=&#8220;69576,15540,20481,127517,20476,69581,66651&#8243; el_class=&#8220;margin&#8220;][vc_column_text css=&#8220;.vc_custom_1751909229719{margin-bottom: 25px !important;}&#8220;]<\/p>\n<p style=\"font-size: small; color: black; text-align: center;\">Die Atlas-Industriekamera wurde f\u00fcr Bildverarbeitungsanwendungen mit hohem Bandbreitenbedarf in kompakter Form entwickelt. Die 5Gbase-T (5GigE) Ethernet-Schnittstelle ist f\u00fcnfmal schneller als Gigabit Ethernet und 50 % schneller als USB 3.2 Gen 1&#215;1. Sie nutzt normale Kupfer-Ethernetkabel mit L\u00e4ngen bis zu 100 m. Atlas unterst\u00fctzt Power over Ethernet (PoE), was die Integration vereinfacht und Kosten senkt. Sie unterst\u00fctzt gro\u00dfformatige APS-C-Sensoren bis 31,4 MP, ohne dass gro\u00dfe K\u00fchlk\u00f6rper oder L\u00fcfter erforderlich sind.<\/p>\n<p>[\/vc_column_text][vc_separator color=&#8220;black&#8220;][\/vc_column][\/vc_row][vc_row][vc_column][vc_custom_heading text=&#8220;Fazit&#8220; google_fonts=&#8220;font_family:Exo%3A100%2C100italic%2C200%2C200italic%2C300%2C300italic%2Cregular%2Citalic%2C500%2C500italic%2C600%2C600italic%2C700%2C700italic%2C800%2C800italic%2C900%2C900italic|font_style:400%20regular%3A400%3Anormal&#8220; css=&#8220;&#8220;][vc_column_text css=&#8220;&#8220;]Seit dem Start arbeitet Harada Seiki an Ideen zur kommerziellen Nutzung des Mikrosatelliten. Pr\u00e4sident Hirotoshi Harada erkl\u00e4rte: \u201eDa die Anforderungen an Satelliten st\u00e4ndig steigen, wird diese Mikrosatellitengr\u00f6\u00dfe in Zukunft zum neuen Standard werden. Unser Ziel ist es, kosteng\u00fcnstige, benutzerfreundliche Satelliten zu entwickeln, die breiter eingesetzt werden k\u00f6nnen und einen Beitrag zu einer informationsorientierten Gesellschaft leisten, die enger mit dem Leben der Menschen verbunden ist.\u201c[\/vc_column_text][\/vc_column][\/vc_row][vc_row][vc_column css=&#8220;.vc_custom_1616520234601{margin-top: 30px !important;}&#8220;][vc_column_text css=&#8220;&#8220;]<strong>Mehr erfahren:<\/strong><\/p>\n<p><a style=\"color: #0073aa;\" href=\"http:\/\/haradaseiki.co.jp\/\">Harada Seiki<\/a><br \/>\n<a style=\"color: #0073aa;\" href=\"http:\/\/addnics.co.jp\/english-information\">Addnics<\/a><br \/>\n<a style=\"color: #0073aa;\" href=\"https:\/\/kyutech-laseine.net\/english\/\">Kyushu Institute of Technology<\/a><\/p>\n<p>Weitere Informationen zur Atlas 5GigE-Kamera finden Sie auf der <a style=\"color: #0073aa; text-decoration: none;\" href=\"\/de\/atlas-5gige-machine-vision\/\">Atlas Produktseite.<\/a>[\/vc_column_text][\/vc_column][\/vc_row]<\/p>\n<\/div>","protected":false},"excerpt":{"rendered":"<p><strong>Mikrosatellit liefert hochaufl\u00f6sende Bilder:<\/strong> Der Kitsune-Mikrosatellit von Harada Seiki nutzt die 31,4\u202fMP Atlas 5GigE-Kamera von LUCID f\u00fcr hochaufl\u00f6sende Erdaufnahmen und fortschrittliche satellitenbasierte Kommunikation.<\/p>\n","protected":false},"author":2,"featured_media":127557,"parent":183124,"menu_order":0,"comment_status":"closed","ping_status":"closed","template":"","meta":{"inline_featured_image":false,"footnotes":""},"tags":[2390,1966,1997],"camera_family":[],"class_list":["post-182961","page","type-page","status-publish","has-post-thumbnail","hentry","tag-atlas-camera-de","tag-case-study-de","tag-satellite-imaging-de"],"aioseo_notices":[],"_links":{"self":[{"href":"https:\/\/thinklucid.com\/de\/wp-json\/wp\/v2\/pages\/182961","targetHints":{"allow":["GET"]}}],"collection":[{"href":"https:\/\/thinklucid.com\/de\/wp-json\/wp\/v2\/pages"}],"about":[{"href":"https:\/\/thinklucid.com\/de\/wp-json\/wp\/v2\/types\/page"}],"author":[{"embeddable":true,"href":"https:\/\/thinklucid.com\/de\/wp-json\/wp\/v2\/users\/2"}],"replies":[{"embeddable":true,"href":"https:\/\/thinklucid.com\/de\/wp-json\/wp\/v2\/comments?post=182961"}],"version-history":[{"count":7,"href":"https:\/\/thinklucid.com\/de\/wp-json\/wp\/v2\/pages\/182961\/revisions"}],"predecessor-version":[{"id":185324,"href":"https:\/\/thinklucid.com\/de\/wp-json\/wp\/v2\/pages\/182961\/revisions\/185324"}],"up":[{"embeddable":true,"href":"https:\/\/thinklucid.com\/de\/wp-json\/wp\/v2\/pages\/183124"}],"wp:featuredmedia":[{"embeddable":true,"href":"https:\/\/thinklucid.com\/de\/wp-json\/wp\/v2\/media\/127557"}],"wp:attachment":[{"href":"https:\/\/thinklucid.com\/de\/wp-json\/wp\/v2\/media?parent=182961"}],"wp:term":[{"taxonomy":"post_tag","embeddable":true,"href":"https:\/\/thinklucid.com\/de\/wp-json\/wp\/v2\/tags?post=182961"},{"taxonomy":"camera_family","embeddable":true,"href":"https:\/\/thinklucid.com\/de\/wp-json\/wp\/v2\/camera_family?post=182961"}],"curies":[{"name":"wp","href":"https:\/\/api.w.org\/{rel}","templated":true}]}}