{"id":182941,"date":"2021-03-29T11:58:52","date_gmt":"2021-03-29T18:58:52","guid":{"rendered":"https:\/\/thinklucid.com\/drill-measurement-using-triton-cameras\/"},"modified":"2025-09-24T11:12:39","modified_gmt":"2025-09-24T18:12:39","slug":"drill-measurement-using-triton-cameras","status":"publish","type":"page","link":"https:\/\/thinklucid.com\/de\/case-studies\/drill-measurement-using-triton-cameras\/","title":{"rendered":"Pr\u00e4zise Bohrwerkzeugvermessung mit Triton-Kameras"},"content":{"rendered":"<div class=\"wpb-content-wrapper\"><p>[vc_row css=&#8220;.vc_custom_1601586180830{background-image: url(https:\/\/mlxrlrwirvff.i.optimole.com\/cb:UhP2~57313\/w:auto\/h:auto\/q:75\/https:\/\/thinklucid.com\/wp-content\/uploads\/2020\/10\/nutai-img-3-1.jpg?id=59516) !important;background-position: center !important;background-repeat: no-repeat !important;background-size: cover !important;}&#8220;][vc_column][vc_empty_space height=&#8220;260px&#8220;][vc_custom_heading text=&#8220;FALLSTUDIE&#8220; font_container=&#8220;tag:h2|font_size:80px|text_align:left|color:%23ffffff&#8220; google_fonts=&#8220;font_family:Exo%3A100%2C100italic%2C200%2C200italic%2C300%2C300italic%2Cregular%2Citalic%2C500%2C500italic%2C600%2C600italic%2C700%2C700italic%2C800%2C800italic%2C900%2C900italic|font_style:300%20light%20regular%3A300%3Anormal&#8220; css=&#8220;.vc_custom_1752736193629{margin-left: 55px !important;}&#8220;][vc_custom_heading text=&#8220;Branche: Luft- und Raumfahrtfertigung<br \/>\nProdukt: 5 MP &amp; 20 MP Triton-Kameras mit IP67-Geh\u00e4use<br \/>\nSDK: Cognex Vision Library&#8220; font_container=&#8220;tag:h2|font_size:18px|text_align:left|color:%23ffffff&#8220; google_fonts=&#8220;font_family:Exo%3A100%2C100italic%2C200%2C200italic%2C300%2C300italic%2Cregular%2Citalic%2C500%2C500italic%2C600%2C600italic%2C700%2C700italic%2C800%2C800italic%2C900%2C900italic|font_style:400%20regular%3A400%3Anormal&#8220; css=&#8220;.vc_custom_1751668345431{margin-top: -30px !important;margin-left: 58px !important;}&#8220;][\/vc_column][\/vc_row][vc_row][vc_column][vc_raw_html css=&#8220;&#8220;]JTNDb2wlMjBjbGFzcyUzRCUyMmJyZWFkY3J1bWIlMjIlMjBzdHlsZSUzRCUyMnBhZGRpbmctdG9wJTNBMTBweCUyMiUzRSUwQSUyMCUzQ2xpJTNFJTBBJTIwJTIwJTIwJTIwJTIwJTIwJTIwJTIwJTNDYSUyMGhyZWYlM0QlMjIlMkZkZSUyRiUyMiUzRUhvbWUlM0MlMkZhJTNFJTBBJTIwJTIwJTIwJTIwJTIwJTIwJTNDJTJGbGklM0UlMEElMjAlMjAlMjAlMjAlMjAlMjAlM0NsaSUzRSUwQSUyMCUyMCUyMCUyMCUyMCUyMCUyMCUyMCUzQ2ElMjBocmVmJTNEJTIyJTJGZGUlMkZjYXNlLXN0dWRpZXMlMkYlMjIlM0VDYXNlJTIwU3R1ZGllcyUzQyUyRmElM0UlMEElMjAlMjAlMjAlMjAlMjAlMjAlM0MlMkZsaSUzRSUwQSUyMCUyMCUyMCUyMCUyMCUyMCUzQ2xpJTNFJTBBJTIwJTIwJTIwJTIwJTIwJTIwJTIwJTIwQmlsZHZlcmFyYmVpdHVuZ3NzeXN0ZW0lMjB6dXIlMjBob2NocHIlQzMlQTR6aXNlbiUyMEJvaHJ3ZXJremV1Z3Zlcm1lc3N1bmclMjBtaXQlMjBUcml0b24tS2FtZXJhcyUwQSUyMCUyMCUyMCUyMCUyMCUyMCUzQyUyRmxpJTNFJTBBJTIwJTIwJTIwJTIwJTIwJTBBJTIwJTIwJTIwJTIwJTNDJTJGb2wlM0U=[\/vc_raw_html][vc_custom_heading text=&#8220;Bildverarbeitungssystem zur hochpr\u00e4zisen Bohrwerkzeugvermessung mit Triton-Kameras&#8220; font_container=&#8220;tag:h1|text_align:center&#8220; google_fonts=&#8220;font_family:Exo%3A100%2C100italic%2C200%2C200italic%2C300%2C300italic%2Cregular%2Citalic%2C500%2C500italic%2C600%2C600italic%2C700%2C700italic%2C800%2C800italic%2C900%2C900italic|font_style:400%20regular%3A400%3Anormal&#8220; css_animation=&#8220;fadeInDown&#8220; css=&#8220;&#8220;][\/vc_column][\/vc_row][vc_row][vc_column][vc_column_text css=&#8220;&#8220;]Industrieroboter sind in vielen Branchen weit verbreitet und eng mit modernen Fertigungssystemen verkn\u00fcpft. In der Luft- und Raumfahrtindustrie hingegen wird nach wie vor stark auf manuelle Facharbeit gesetzt. Ein wesentlicher Hemmfaktor f\u00fcr den Einsatz von Robotik war bislang die fehlende Genauigkeit. Doch mit dem technologischen Fortschritt wird in der Luftfahrtbranche ein starker Anstieg flexibler Automatisierung erwartet.[\/vc_column_text][\/vc_column][\/vc_row][vc_row css=&#8220;.vc_custom_1601492287178{margin-bottom: 25px !important;}&#8220;][vc_column][vc_custom_heading text=&#8220;Herausforderung&#8220; google_fonts=&#8220;font_family:Exo%3A100%2C100italic%2C200%2C200italic%2C300%2C300italic%2Cregular%2Citalic%2C500%2C500italic%2C600%2C600italic%2C700%2C700italic%2C800%2C800italic%2C900%2C900italic|font_style:400%20regular%3A400%3Anormal&#8220; css=&#8220;&#8220;][\/vc_column][vc_column][vc_column_text css=&#8220;.vc_custom_1751667489241{margin-bottom: 25px !important;}&#8220;]In der Flugzeugmontage sind viele Fertigungsschritte noch nicht automatisiert, was einen hohen manuellen Aufwand bedeutet. Eine der zentralen Herausforderungen ist die pr\u00e4zise Vermessung komplexer Bohrwerkzeuge, die h\u00f6chste Genauigkeit und Wiederholbarkeit erfordert. Das spanische Engineering-Unternehmen <a style=\"color: #0073aa;\" href=\"https:\/\/nutai.com\/en\/\">NUTAI<\/a>, spezialisiert auf industrielle Automatisierung, hat diese Herausforderung angenommen und ein Vision-System entwickelt, das sowohl manuellen als auch automatisierten Betrieb mit einem kollaborativen Roboter erlaubt \u2013 und dabei hochpr\u00e4zise Messungen von Bohrwerkzeugen sicherstellt.<\/p>\n<p>Aufgrund der Komplexit\u00e4t der Bohrwerkzeuge mussten zahlreiche spezifische Faktoren ber\u00fccksichtigt werden, darunter die Kontrolle des Umgebungslichts, die Minimierung von Rauschen, elektromagnetischen St\u00f6rungen (EMI) und Vibrationen, die besonderen Anforderungen industrieller Umgebungen sowie eine erforderliche Aufl\u00f6sung von 8 Mikrometern.[\/vc_column_text][\/vc_column][\/vc_row][vc_row][vc_column offset=&#8220;vc_col-lg-6 vc_col-md-6&#8243; css=&#8220;.vc_custom_1601499619551{margin-bottom: 25px !important;}&#8220;][vc_single_image image=&#8220;59355&#8243; img_size=&#8220;full&#8220; css_animation=&#8220;slideInLeft&#8220;][vc_custom_heading text=&#8220;In der Flugzeugmontage sind viele Fertigungsprozesse noch nicht automatisiert, doch mit verbesserten Technologien wird Automatisierung in der Luftfahrt immer pr\u00e4ziser und zuverl\u00e4ssiger.&#8220; font_container=&#8220;tag:p|font_size:16px|text_align:center|color:%23545454|line_height:20px&#8220; google_fonts=&#8220;font_family:Exo%3A100%2C100italic%2C200%2C200italic%2C300%2C300italic%2Cregular%2Citalic%2C500%2C500italic%2C600%2C600italic%2C700%2C700italic%2C800%2C800italic%2C900%2C900italic|font_style:700%20bold%20italic%3A700%3Aitalic&#8220; css_animation=&#8220;slideInLeft&#8220; css=&#8220;.vc_custom_1751667623060{margin-top: 5px !important;}&#8220;][\/vc_column][vc_column offset=&#8220;vc_col-lg-6 vc_col-md-6&#8243;][vc_single_image image=&#8220;59290&#8243; img_size=&#8220;full&#8220; css_animation=&#8220;slideInRight&#8220;][vc_custom_heading text=&#8220;Das fortschrittliche Vision-System von NUTAI erm\u00f6glicht pr\u00e4zise Bohrprozesse. Geschwindigkeit, Genauigkeit und Wiederholbarkeit der Messungen werden durch hochaufl\u00f6sende, industrietaugliche Kameratechnologie von LUCID gew\u00e4hrleistet.&#8220; font_container=&#8220;tag:p|font_size:16%20px|text_align:center|color:%23545454|line_height:20px&#8220; google_fonts=&#8220;font_family:Exo%3A100%2C100italic%2C200%2C200italic%2C300%2C300italic%2Cregular%2Citalic%2C500%2C500italic%2C600%2C600italic%2C700%2C700italic%2C800%2C800italic%2C900%2C900italic|font_style:700%20bold%20italic%3A700%3Aitalic&#8220; css_animation=&#8220;slideInRight&#8220; css=&#8220;.vc_custom_1751667634179{margin-top: 5px !important;}&#8220;][\/vc_column][\/vc_row][vc_row css=&#8220;.vc_custom_1601492447718{margin-bottom: 25px !important;}&#8220;][vc_column offset=&#8220;vc_col-lg-12 vc_col-md-12&#8243;][vc_custom_heading text=&#8220;L\u00f6sung&#8220; google_fonts=&#8220;font_family:Exo%3A100%2C100italic%2C200%2C200italic%2C300%2C300italic%2Cregular%2Citalic%2C500%2C500italic%2C600%2C600italic%2C700%2C700italic%2C800%2C800italic%2C900%2C900italic|font_style:400%20regular%3A400%3Anormal&#8220; css=&#8220;&#8220;][\/vc_column][vc_column offset=&#8220;vc_col-lg-offset-0 vc_col-lg-6 vc_col-md-6&#8243;][vc_column_text css=&#8220;&#8220;]Das Vision-System von NUTAI besteht aus vier industrietauglichen Triton GigE PoE-Kameras von LUCID, bezogen \u00fcber den lokalen Distributor <a style=\"color: #0073aa;\" href=\"https:\/\/www.clearviewimaging.es\">ClearView Imaging S.L<\/a> in Spanien. Zwei der Kameras sind auf die Bohrerspitzen ausgerichtet, um diese frontal zu vermessen, w\u00e4hrend zwei weitere Kameras seitlich auf die Bohrer blicken und die L\u00e4nge senkrecht zur Achse messen.<\/p>\n<p>F\u00fcr die Messung der Bohrerspitzen verwendete NUTAI zwei 20 MP Triton TRI200S-MC Kameras mit Sony IMX183 CMOS-Sensor (Aufl\u00f6sung: 5472\u00d73648 Pixel bei 6 fps, Sichtfeld: 49,22\u00d732,82 mm, optische Aufl\u00f6sung: 8 \u00b5m\/Pixel). Diese wurden mit bi-telezentrischen Objektiven ausgestattet, um Verzerrungen bei Positionsver\u00e4nderungen des Bauteils zu vermeiden.[\/vc_column_text][\/vc_column][vc_column offset=&#8220;vc_col-lg-6 vc_col-md-6&#8243;][vc_single_image image=&#8220;59294&#8243; img_size=&#8220;full&#8220; onclick=&#8220;custom_link&#8220; link=&#8220;https:\/\/www.linkedin.com\/posts\/nutai_tecnologaeda-technology-activity-6691300808325124096-HAzx\/&#8220;][vc_custom_heading text=&#8220;Die manuelle Beteiligung wird minimiert und die Abl\u00e4ufe lassen sich speichern und wiederholen. Der Bediener nimmt lediglich das Bohrwerkzeug, platziert es in der Halterung und dr\u00fcckt eine Taste.&#8220; font_container=&#8220;tag:h2|font_size:16px|text_align:center|color:%23545454|line_height:20px&#8220; google_fonts=&#8220;font_family:Exo%3A100%2C100italic%2C200%2C200italic%2C300%2C300italic%2Cregular%2Citalic%2C500%2C500italic%2C600%2C600italic%2C700%2C700italic%2C800%2C800italic%2C900%2C900italic|font_style:700%20bold%20italic%3A700%3Aitalic&#8220; css=&#8220;.vc_custom_1751668019937{margin-top: 5px !important;}&#8220;][\/vc_column][\/vc_row][vc_row css=&#8220;.vc_custom_1601502907230{margin-top: 20px !important;}&#8220;][vc_column css=&#8220;.vc_custom_1601492631350{margin-bottom: 25px !important;}&#8220;][vc_column_text css=&#8220;&#8220;]Zur L\u00e4ngenmessung setzte NUTAI zwei 5 MP Triton TRI050S-MC Kameras mit Sony IMX264 CMOS-Sensor ein (Aufl\u00f6sung: 2448\u00d72048 Pixel bei 24 fps, Sichtfeld: 48,8\u00d740,82 mm, optische Aufl\u00f6sung: 20 \u00b5m\/Pixel). Belichtungszeit und Trigger-Modi wurden \u00fcber die Cognex Designer Vision Library gesteuert. Diese beiden Kameras steuerten zus\u00e4tzlich die Beleuchtungssysteme \u00fcber den digitalen Ausgang.[\/vc_column_text][\/vc_column][vc_column width=&#8220;2\/3&#8243; offset=&#8220;vc_col-lg-8 vc_col-md-8&#8243;][vc_column_text css=&#8220;&#8220;]Aufgrund der Eigenschaften der Sensoren (Photon Transfer Curve) wurde ein gr\u00fcnes LED-Beleuchtungssystem gew\u00e4hlt. Um St\u00f6reinfl\u00fcsse durch Umgebungslicht zu vermeiden, wurde das System mit gr\u00fcnen Bandpassfiltern ausgestattet, die zwischen Objektiv und Kamera in jedes C-Mount-Geh\u00e4use eingesetzt wurden. Die Kalibrierung erfolgte mithilfe einer Glaskalibrierplatte mit einer Aufl\u00f6sung unter 4 Mikrometern.[\/vc_column_text][\/vc_column][vc_column width=&#8220;1\/3&#8243; offset=&#8220;vc_col-lg-4 vc_col-md-4&#8243;][vc_single_image image=&#8220;50684&#8243; img_size=&#8220;full&#8220; onclick=&#8220;custom_link&#8220; css_animation=&#8220;slideInRight&#8220; link=&#8220;\/triton-gige-machine-vision\/&#8220;][vc_custom_heading text=&#8220;Die Triton-Kamera verf\u00fcgt \u00fcber PoE und IP67-Schutz.&#8220; font_container=&#8220;tag:p|font_size:16px|text_align:center|color:%23545454|line_height:20px&#8220; google_fonts=&#8220;font_family:Exo%3A100%2C100italic%2C200%2C200italic%2C300%2C300italic%2Cregular%2Citalic%2C500%2C500italic%2C600%2C600italic%2C700%2C700italic%2C800%2C800italic%2C900%2C900italic|font_style:700%20bold%20italic%3A700%3Aitalic&#8220; css_animation=&#8220;slideInRight&#8220; css=&#8220;.vc_custom_1751667971440{margin-top: 5px !important;}&#8220;][\/vc_column][\/vc_row][vc_row][vc_column][vc_custom_heading text=&#8220;Fazit&#8220; google_fonts=&#8220;font_family:Exo%3A100%2C100italic%2C200%2C200italic%2C300%2C300italic%2Cregular%2Citalic%2C500%2C500italic%2C600%2C600italic%2C700%2C700italic%2C800%2C800italic%2C900%2C900italic|font_style:400%20regular%3A400%3Anormal&#8220; css=&#8220;&#8220;][vc_column_text css=&#8220;&#8220;]Fortschritte wie pr\u00e4zise Bohrwerkzeugvermessung und hochgenaue Robotersysteme erm\u00f6glichen zunehmend flexible und schlanke Fertigungsprozesse in der Luft- und Raumfahrt. Gleichzeitig wurde daran gearbeitet, Mensch-Roboter-Interaktion sicher und effizient zu gestalten und komplexe Vorg\u00e4nge automatisiert abbildbar zu machen.<\/p>\n<p>Geschwindigkeit, Genauigkeit und Wiederholbarkeit als kritische Faktoren bei der Vermessung von Bohrwerkzeugen werden durch den Einsatz industrietauglicher High-Resolution-Kamerasysteme erf\u00fcllt. Das System liefert reproduzierbare subpixelgenaue Ergebnisse in unter einer Sekunde. Die menschliche Interaktion beschr\u00e4nkt sich auf das Einlegen des Werkst\u00fccks und einen Knopfdruck. Die Ergebnisse werden automatisch angezeigt und gespeichert, was eine wiederholbare Qualit\u00e4tssicherung erm\u00f6glicht.[\/vc_column_text][\/vc_column][\/vc_row][vc_row css=&#8220;.vc_custom_1601503702699{margin-top: 30px !important;}&#8220;][vc_column offset=&#8220;vc_col-lg-6 vc_col-md-6&#8243;][vc_single_image image=&#8220;59378&#8243; img_size=&#8220;full&#8220; css_animation=&#8220;fadeInUp&#8220;][vc_custom_heading text=&#8220;Das Vision-System mit LUCID-Kameras ist auf zwei Plattformen integriert: links (blau) fest auf dem Tisch montiert, rechts (rot) flexibel beweglich. Diese Flexibilit\u00e4t erm\u00f6glicht die Messung von Bohrwerkzeugen mit unterschiedlichen L\u00e4ngen.&#8220; font_container=&#8220;tag:p|font_size:16px|text_align:center|color:%23545454|line_height:20px&#8220; google_fonts=&#8220;font_family:Exo%3A100%2C100italic%2C200%2C200italic%2C300%2C300italic%2Cregular%2Citalic%2C500%2C500italic%2C600%2C600italic%2C700%2C700italic%2C800%2C800italic%2C900%2C900italic|font_style:700%20bold%20italic%3A700%3Aitalic&#8220; css=&#8220;.vc_custom_1751668227358{margin-top: 5px !important;}&#8220;][\/vc_column][vc_column css_animation=&#8220;slideInUp&#8220; offset=&#8220;vc_col-lg-6 vc_col-md-6&#8243;][vc_single_image image=&#8220;59521&#8243; img_size=&#8220;full&#8220; onclick=&#8220;custom_link&#8220; link=&#8220;https:\/\/www.youtube.com\/watch?v=cFH0Ku9VIUo&#8220;][vc_custom_heading text=&#8220;Klicken Sie hier, um das neueste Video von NUTAI zum Machine-Vision-System f\u00fcr hochpr\u00e4zise Bohrwerkzeugvermessung anzusehen.&#8220; font_container=&#8220;tag:p|font_size:16px|text_align:center|color:%23545454|line_height:20px&#8220; google_fonts=&#8220;font_family:Exo%3A100%2C100italic%2C200%2C200italic%2C300%2C300italic%2Cregular%2Citalic%2C500%2C500italic%2C600%2C600italic%2C700%2C700italic%2C800%2C800italic%2C900%2C900italic|font_style:700%20bold%20italic%3A700%3Aitalic&#8220; css=&#8220;.vc_custom_1751668252112{margin-top: 5px !important;}&#8220;][\/vc_column][\/vc_row][vc_row][vc_column][vc_column_text css=&#8220;&#8220;]<\/p>\n<p><strong>Mehr erfahren:<\/strong><br \/>\n<a style=\"color: #0073aa;\" href=\"http:\/\/nutai.com\/en\/\">NUTAI<\/a> (Engineering Services for Industrial Automation Systems)<br \/>\n<a style=\"color: #0073aa;\" href=\"https:\/\/www.clearviewimaging.co.uk\/en\/\">ClearView Imaging S.L<\/a> (LUCID\u2019s Distributor in Spain)<\/p>\n<p>[\/vc_column_text][\/vc_column][\/vc_row]<\/p>\n<\/div>","protected":false},"excerpt":{"rendered":"<p><strong>Hochpr\u00e4zise Bohrermessung:<\/strong> NUTAI, ein Engineering-Dienstleister f\u00fcr industrielle Automatisierung, hat ein Bildverarbeitungssystem f\u00fcr manuelle und automatische Pr\u00e4zisionsmessungen von Bohrern entwickelt.<\/p>\n","protected":false},"author":1281,"featured_media":75836,"parent":183124,"menu_order":0,"comment_status":"closed","ping_status":"closed","template":"","meta":{"inline_featured_image":false,"footnotes":""},"tags":[1966,1990,2396],"camera_family":[],"class_list":["post-182941","page","type-page","status-publish","has-post-thumbnail","hentry","tag-case-study-de","tag-aerospace-manufacturing-de","tag-triton-camera-de"],"aioseo_notices":[],"_links":{"self":[{"href":"https:\/\/thinklucid.com\/de\/wp-json\/wp\/v2\/pages\/182941","targetHints":{"allow":["GET"]}}],"collection":[{"href":"https:\/\/thinklucid.com\/de\/wp-json\/wp\/v2\/pages"}],"about":[{"href":"https:\/\/thinklucid.com\/de\/wp-json\/wp\/v2\/types\/page"}],"author":[{"embeddable":true,"href":"https:\/\/thinklucid.com\/de\/wp-json\/wp\/v2\/users\/1281"}],"replies":[{"embeddable":true,"href":"https:\/\/thinklucid.com\/de\/wp-json\/wp\/v2\/comments?post=182941"}],"version-history":[{"count":7,"href":"https:\/\/thinklucid.com\/de\/wp-json\/wp\/v2\/pages\/182941\/revisions"}],"predecessor-version":[{"id":185351,"href":"https:\/\/thinklucid.com\/de\/wp-json\/wp\/v2\/pages\/182941\/revisions\/185351"}],"up":[{"embeddable":true,"href":"https:\/\/thinklucid.com\/de\/wp-json\/wp\/v2\/pages\/183124"}],"wp:featuredmedia":[{"embeddable":true,"href":"https:\/\/thinklucid.com\/de\/wp-json\/wp\/v2\/media\/75836"}],"wp:attachment":[{"href":"https:\/\/thinklucid.com\/de\/wp-json\/wp\/v2\/media?parent=182941"}],"wp:term":[{"taxonomy":"post_tag","embeddable":true,"href":"https:\/\/thinklucid.com\/de\/wp-json\/wp\/v2\/tags?post=182941"},{"taxonomy":"camera_family","embeddable":true,"href":"https:\/\/thinklucid.com\/de\/wp-json\/wp\/v2\/camera_family?post=182941"}],"curies":[{"name":"wp","href":"https:\/\/api.w.org\/{rel}","templated":true}]}}