{"id":182895,"date":"2020-10-22T13:32:08","date_gmt":"2020-10-22T20:32:08","guid":{"rendered":"https:\/\/thinklucid.com\/autonomous-forklift-case-study\/"},"modified":"2025-09-24T11:01:06","modified_gmt":"2025-09-24T18:01:06","slug":"autonomous-forklift-case-study","status":"publish","type":"page","link":"https:\/\/thinklucid.com\/de\/case-studies\/autonomous-forklift-case-study\/","title":{"rendered":"Autonome Gabelstapler stapeln K\u00e4seboxen mit 3D Time-of-Flight"},"content":{"rendered":"<div class=\"wpb-content-wrapper\"><p>[vc_row css=&#8220;.vc_custom_1603402314041{background-image: url(https:\/\/mlxrlrwirvff.i.optimole.com\/cb:UhP2~57313\/w:auto\/h:auto\/q:75\/https:\/\/thinklucid.com\/wp-content\/uploads\/2020\/10\/case-study-cheese-cover.jpg?id=61070) !important;background-position: center !important;background-repeat: no-repeat !important;background-size: cover !important;}&#8220;][vc_column][vc_empty_space height=&#8220;260&#8243;][vc_custom_heading text=&#8220;FALLSTUDIE&#8220; font_container=&#8220;tag:h2|font_size:80|text_align:left|color:%23ffffff&#8220; google_fonts=&#8220;font_family:Exo%3A100%2C100italic%2C200%2C200italic%2C300%2C300italic%2Cregular%2Citalic%2C500%2C500italic%2C600%2C600italic%2C700%2C700italic%2C800%2C800italic%2C900%2C900italic|font_style:300%20light%20regular%3A300%3Anormal&#8220; css=&#8220;.vc_custom_1752736156371{margin-left: 55px !important;}&#8220;][vc_custom_heading text=&#8220;Branche: Lager\/Logistik<br \/>\nProdukt: Helios 3D Time-of-Flight-Kamera<br \/>\nSDK: Vision-Software von Florinco&#8220; font_container=&#8220;tag:h2|font_size:18|text_align:left|color:%23ffffff&#8220; google_fonts=&#8220;font_family:Exo%3A100%2C100italic%2C200%2C200italic%2C300%2C300italic%2Cregular%2Citalic%2C500%2C500italic%2C600%2C600italic%2C700%2C700italic%2C800%2C800italic%2C900%2C900italic|font_style:400%20regular%3A400%3Anormal&#8220; css=&#8220;.vc_custom_1751489108402{margin-top: -30px !important;margin-left: 58px !important;}&#8220;][\/vc_column][\/vc_row][vc_row][vc_column][vc_raw_html css=&#8220;&#8220;]JTNDb2wlMjBjbGFzcyUzRCUyMmJyZWFkY3J1bWIlMjIlMjBzdHlsZSUzRCUyMnBhZGRpbmctdG9wJTNBMTBweCUyMiUzRSUwQSUyMCUzQ2xpJTNFJTBBJTIwJTIwJTIwJTIwJTIwJTIwJTIwJTIwJTNDYSUyMGhyZWYlM0QlMjIlMkZkZSUyRiUyMiUzRUhvbWUlM0MlMkZhJTNFJTBBJTIwJTIwJTIwJTIwJTIwJTIwJTNDJTJGbGklM0UlMEElMjAlMjAlMjAlMjAlMjAlMjAlM0NsaSUzRSUwQSUyMCUyMCUyMCUyMCUyMCUyMCUyMCUyMCUzQ2ElMjBocmVmJTNEJTIyJTJGZGUlMkZjYXNlLXN0dWRpZXMlMkYlMjIlM0VDYXNlJTIwU3R1ZGllcyUzQyUyRmElM0UlMEElMjAlMjAlMjAlMjAlMjAlMjAlM0MlMkZsaSUzRSUwQSUyMCUyMCUyMCUyMCUyMCUyMCUzQ2xpJTNFJTBBJTIwJTIwJTIwJTIwJTIwJTIwJTIwJTIwQXV0b25vbWUlMjBHYWJlbHN0YXBsZXIlMjBzdGFwZWxuJTIwSyVDMyVBNHNlYm94ZW4lMjBtaXQlMjAzRCUyMFRpbWUtb2YtRmxpZ2h0JTBBJTIwJTIwJTIwJTIwJTIwJTIwJTNDJTJGbGklM0UlMEElMjAlMjAlMjAlMjAlMjAlMEElMjAlMjAlMjAlMjAlM0MlMkZvbCUzRQ==[\/vc_raw_html][vc_custom_heading text=&#8220;Autonome Gabelstapler stapeln K\u00e4seboxen mit 3D Time-of-Flight&#8220; font_container=&#8220;tag:h1|text_align:center&#8220; google_fonts=&#8220;font_family:Exo%3A100%2C100italic%2C200%2C200italic%2C300%2C300italic%2Cregular%2Citalic%2C500%2C500italic%2C600%2C600italic%2C700%2C700italic%2C800%2C800italic%2C900%2C900italic|font_style:500%20bold%20regular%3A500%3Anormal&#8220; css_animation=&#8220;fadeInDown&#8220; css=&#8220;&#8220;][\/vc_column][\/vc_row][vc_row css=&#8220;.vc_custom_1603407812402{margin-top: 20px !important;}&#8220;][vc_column width=&#8220;2\/3&#8243;][vc_column_text css=&#8220;&#8220;]Das mehrmonatige bis mehrj\u00e4hrige Reifen von K\u00e4se ist anspruchsvoller, als es zun\u00e4chst erscheinen mag. Gro\u00dfe K\u00e4sebl\u00f6cke m\u00fcssen unter optimalen Temperatur- und Feuchtigkeitsbedingungen gelagert werden, um einen idealen Reifeprozess zu erm\u00f6glichen. Einige K\u00e4sesorten reifen nur einen Monat, andere mehrere Jahre.<\/p>\n<p>In einer K\u00e4serei in den Niederlanden \u00fcbernehmen zw\u00f6lf selbstfahrende Gabelstapler die Aufgabe, K\u00e4seboxen vollautomatisch zu stapeln und zu entstapeln. Die von <a style=\"color: #0073aa; text-decoration: none;\" href=\"https:\/\/www.toyotaforklift.com\/lifts\" target=\"_blank\" rel=\"noopener noreferrer\"><strong>Toyota Material Handling<\/strong><\/a> bereitgestellten autonomen Gabelstapler bewegen rund um die Uhr K\u00e4segestelle zwischen Produktions- und Reifer\u00e4umen. Diese Gestelle sind etwa 3 Meter hoch und k\u00f6nnen bis zu drei Ebenen hoch gestapelt werden. Bevor ein Gestell auf ein anderes gesetzt werden kann, muss die exakte Position f\u00fcr das Aufsetzen bestimmt werden.[\/vc_column_text][\/vc_column][vc_column width=&#8220;1\/3&#8243;][vc_single_image image=&#8220;61090&#8243; img_size=&#8220;medium&#8220;][\/vc_column][\/vc_row][vc_row css_animation=&#8220;none&#8220;][vc_column width=&#8220;2\/3&#8243;][vc_custom_heading text=&#8220;Herausforderung&#8220; google_fonts=&#8220;font_family:Exo%3A100%2C100italic%2C200%2C200italic%2C300%2C300italic%2Cregular%2Citalic%2C500%2C500italic%2C600%2C600italic%2C700%2C700italic%2C800%2C800italic%2C900%2C900italic|font_style:400%20regular%3A400%3Anormal&#8220; css=&#8220;&#8220;][vc_column_text css=&#8220;&#8220;]Die automatisierte und pr\u00e4zise Positionierung gl\u00e4nzender K\u00e4seboxen mit Metallkanten stellte eine Herausforderung f\u00fcr 3D-Kameratechnologien dar. Urspr\u00fcnglich verwendeten die Gabelstapler eine andere 3D-Time-of-Flight-Kamera, die sich jedoch in der ersten Implementierung als unzureichend erwies \u2013 vor allem wegen der reflektierenden Oberfl\u00e4chen der Metallgestelle. Im Laufe der Zeit nutzte sich die Farbe der Gestelle ab, und neuere Modelle waren gar nicht mehr lackiert, sondern verzinkt.<br \/>\nBeides f\u00fchrte zu ungen\u00fcgender Messqualit\u00e4t, wodurch die pr\u00e4zise Stapelung erschwert wurde.<\/p>\n<p>Hinzu kam, dass die ToF-Kameras aus erh\u00f6hter Position messen mussten, was die reflektierenden Oberfl\u00e4chen noch problematischer machte \u2013 eine alternative Kameraposition zur Verbesserung des Blickwinkels war nicht m\u00f6glich. Die von der Kamera erzeugten 3D-Punktwolken mussten analysiert, gefiltert und verbessert werden, um ein verl\u00e4ssliches Tiefenbild zu erzeugen. Stereokameras mit Projektionslicht kamen wegen ihres Preises und ihrer gr\u00f6\u00dferen Baugr\u00f6\u00dfe nicht in Frage.[\/vc_column_text][\/vc_column][vc_column css_animation=&#8220;fadeIn&#8220; width=&#8220;1\/3&#8243; css=&#8220;.vc_custom_1603414695060{margin-top: 50px !important;}&#8220;][vc_single_image image=&#8220;61103&#8243; img_size=&#8220;full&#8220;][vc_custom_heading text=&#8220;Herausforderung: ToF-Kameras mussten aus erh\u00f6hter Position messen \u2013 stark reflektierende Metalloberfl\u00e4chen erschwerten die Messung.&#8220; font_container=&#8220;tag:p|font_size:16px|text_align:center|color:%23545454|line_height:20px&#8220; google_fonts=&#8220;font_family:Exo%3A100%2C100italic%2C200%2C200italic%2C300%2C300italic%2Cregular%2Citalic%2C500%2C500italic%2C600%2C600italic%2C700%2C700italic%2C800%2C800italic%2C900%2C900italic|font_style:700%20bold%20italic%3A700%3Aitalic&#8220; css=&#8220;.vc_custom_1751489447234{margin-top: 5px !important;}&#8220;][\/vc_column][\/vc_row][vc_row css=&#8220;.vc_custom_1605727953375{margin-top: 25px !important;margin-bottom: 10px !important;}&#8220; el_id=&#8220;cheese-video&#8220;][vc_column]<div id=\"ultimate-video-328169d23126cbd3f\" class=\"ult-video  ult-adjust-bottom-margin ultimate-video-328169d23126cbd3f ultv-809 video\"><div class=\"ultv-video ultv-aspect-ratio-16_9 ultv-subscribe-responsive-none\" data-videotype=\"uv_iframe\">\n\t\t\t\t\t\t<div class=\"ultv-video__outer-wrap\" data-autoplay=\"0\" data-device=\"false\"  data-iconbg=\"#3A3A3A\" data-overcolor=\"\" data-defaultbg=\"#DD3333\" data-defaultplay=\"defaulticon\"><div class=\"ultv-video__play\" data-src=\"https:\/\/www.youtube.com\/embed\/2OCHfa_RQm8?rel=0&#038;start&#038;end&#038;controls=1&#038;mute=0&#038;modestbranding=0&#038;autoplay=1\">\n\t\t\t\t\t\t\t\t<img data-opt-id=1480508647  decoding=\"async\" class=\"ultv-video__thumb\" src=\"https:\/\/i.ytimg.com\/vi\/2OCHfa_RQm8\/maxresdefault.jpg\"\/>\n\t\t\t\t\t\t\t\t<div class=\"ultv-video__play-icon  ultv-animation-none\" style=\"width:75px\"><svg height=\"100%\" version=\"1.1\" viewBox=\"0 0 68 48\" width=\"100%\"><path class=\"ultv-youtube-icon-bg\" d=\"m .66,37.62 c 0,0 .66,4.70 2.70,6.77 2.58,2.71 5.98,2.63 7.49,2.91 5.43,.52 23.10,.68 23.12,.68 .00,-1.3e-5 14.29,-0.02 23.81,-0.71 1.32,-0.15 4.22,-0.17 6.81,-2.89 2.03,-2.07 2.70,-6.77 2.70,-6.77 0,0 .67,-5.52 .67,-11.04 l 0,-5.17 c 0,-5.52 -0.67,-11.04 -0.67,-11.04 0,0 -0.66,-4.70 -2.70,-6.77 C 62.03,.86 59.13,.84 57.80,.69 48.28,0 34.00,0 34.00,0 33.97,0 19.69,0 10.18,.69 8.85,.84 5.95,.86 3.36,3.58 1.32,5.65 .66,10.35 .66,10.35 c 0,0 -0.55,4.50 -0.66,9.45 l 0,8.36 c .10,4.94 .66,9.45 .66,9.45 z\" fill=\"#1f1f1e\" ><\/path><path d=\"m 26.96,13.67 18.37,9.62 -18.37,9.55 -0.00,-19.17 z\" fill=\"#fff\"><\/path><path d=\"M 45.02,23.46 45.32,23.28 26.96,13.67 43.32,22.34 45.02,23.46 z\" fill=\"#ccc\"><\/path><\/svg><\/div> <\/div> <\/div><\/div><\/div>[\/vc_column][\/vc_row][vc_row css=&#8220;.vc_custom_1603413442117{margin-bottom: 20px !important;}&#8220;][vc_column][vc_custom_heading text=&#8220;L\u00f6sung&#8220; google_fonts=&#8220;font_family:Exo%3A100%2C100italic%2C200%2C200italic%2C300%2C300italic%2Cregular%2Citalic%2C500%2C500italic%2C600%2C600italic%2C700%2C700italic%2C800%2C800italic%2C900%2C900italic|font_style:400%20regular%3A400%3Anormal&#8220; css=&#8220;&#8220;][vc_column_text css=&#8220;&#8220;]Nach Bewertung aller verf\u00fcgbaren Optionen zeigten die Helios Time-of-Flight-Kameras von LUCID die besten Ergebnisse im gew\u00fcnschten Preissegment. Obwohl die stark reflektierenden Oberfl\u00e4chen weiterhin Einfluss auf die Messqualit\u00e4t hatten, waren die erzeugten Punktwolken ausreichend, um die relativen Positionen der Gestelle zu bestimmen. Diesmal wurden zwei Helios 3D ToF-Kameras pro Gabelstapler eingesetzt \u2013 sie messen sowohl die Position des zu tragenden Gestells als auch die Position des Zielgestells. Basierend auf dieser Relativposition stapelt der Gabelstapler die Gestelle pr\u00e4zise \u00fcbereinander.<\/p>\n<p>Das Unternehmen <a style=\"text-decoration: none; color: #0073aa;\" href=\"https:\/\/florinco.nl\/\" target=\"_blank\" rel=\"noopener noreferrer\"><strong>Florinco<\/strong><\/a>, Entwickler intelligenter Softwarel\u00f6sungen, hat Bildverarbeitungsalgorithmen entwickelt, um aus den Kamerabildern zuverl\u00e4ssig verwertbare Messdaten zu extrahieren. Die Helios ToF-Kameras waren mit einem Industrie-PC mit Intel Atom-Prozessor unter Linux verbunden. Dieser PC war wiederum an das interne Netzwerk des Gabelstaplers angeschlossen, um die Messergebnisse an dessen zentrale Steuereinheit zu \u00fcbermitteln.<\/p>\n<p>Da die erste Generation der Helios-Kameras noch keine IP67-Zertifizierung bot, wurden die ToF-Kameras in ein Orca-Geh\u00e4use von autoVimation eingebaut. Inzwischen hat LUCID die <a style=\"text-decoration: none; color: #0073aa;\" href=\"https:\/\/thinklucid.com\/helios-time-of-flight-tof-camera\/\" target=\"_blank\" rel=\"noopener noreferrer\"><strong>Helios2-Kamera<\/strong><\/a> auf den Markt gebracht \u2013 mit IP67-zertifiziertem Geh\u00e4use, Objektivschutz und submillimetergenauer 3D-Tiefenmessung.[\/vc_column_text][\/vc_column][\/vc_row][vc_row css_animation=&#8220;fadeInUp&#8220;][vc_column width=&#8220;1\/2&#8243;][vc_single_image image=&#8220;61122&#8243; img_size=&#8220;full&#8220;][vc_custom_heading text=&#8220;LUCIDs Helios-Kameras lieferten die besten 3D-Ergebnisse im gew\u00fcnschten Preissegment und wurden direkt ins Netzwerk der Gabelstapler eingebunden.&#8220; font_container=&#8220;tag:p|font_size:16px|text_align:center|color:%23545454|line_height:20px&#8220; google_fonts=&#8220;font_family:Exo%3A100%2C100italic%2C200%2C200italic%2C300%2C300italic%2Cregular%2Citalic%2C500%2C500italic%2C600%2C600italic%2C700%2C700italic%2C800%2C800italic%2C900%2C900italic|font_style:700%20bold%20italic%3A700%3Aitalic&#8220; css=&#8220;.vc_custom_1751489686724{margin-top: 5px !important;}&#8220;][\/vc_column][vc_column width=&#8220;1\/2&#8243;][vc_single_image image=&#8220;61132&#8243; img_size=&#8220;full&#8220;][vc_custom_heading text=&#8220;Die erste Generation der Helios ToF-Kameras wurde in ein Orca-Geh\u00e4use von autoVimation integriert, um IP67-Schutz zu gew\u00e4hrleisten.&#8220; font_container=&#8220;tag:p|font_size:16px|text_align:center|color:%23545454|line_height:20px&#8220; google_fonts=&#8220;font_family:Exo%3A100%2C100italic%2C200%2C200italic%2C300%2C300italic%2Cregular%2Citalic%2C500%2C500italic%2C600%2C600italic%2C700%2C700italic%2C800%2C800italic%2C900%2C900italic|font_style:600%20bold%20italic%3A600%3Aitalic&#8220; css=&#8220;.vc_custom_1751489672711{margin-top: 5px !important;}&#8220;][\/vc_column][\/vc_row][vc_row][vc_column][vc_custom_heading text=&#8220;Fazit&#8220; google_fonts=&#8220;font_family:Exo%3A100%2C100italic%2C200%2C200italic%2C300%2C300italic%2Cregular%2Citalic%2C500%2C500italic%2C600%2C600italic%2C700%2C700italic%2C800%2C800italic%2C900%2C900italic|font_style:400%20regular%3A400%3Anormal&#8220; css=&#8220;&#8220;][\/vc_column][\/vc_row][vc_row][vc_column][vc_column_text css=&#8220;&#8220;]Die Helios-Familie von 3D-ToF-Kameras ist eine effektive L\u00f6sung f\u00fcr viele autonome Lagerprozesse. Mit der Helios-Kamera konnte Florinco die Probleme durch Spiegelungen an den Metallgestellen \u00fcberwinden und vollautonome Gabelstapler realisieren \u2013 ganz ohne manuelle Eingriffe. Vor Einf\u00fchrung der neuen L\u00f6sung mussten noch 10\u202f% der Fahrten manuell durchgef\u00fchrt werden. <strong>Mit dem neuen System verlaufen nun 99,9\u202f% der Fahrten korrekt und vollst\u00e4ndig automatisiert.<\/strong>[\/vc_column_text][\/vc_column][\/vc_row]<\/p>\n<\/div>","protected":false},"excerpt":{"rendered":"<p><strong>Autonome Gabelstapler stapeln K\u00e4se:<\/strong> In einer K\u00e4sefabrik in den Niederlanden stapeln und entstapeln 12 selbstfahrende Gabelstapler K\u00e4sekisten in einem vollautomatischen Prozess \u2013 erm\u00f6glicht durch Bildverarbeitungsalgorithmen von Florinco.<\/p>\n","protected":false},"author":1281,"featured_media":75833,"parent":183124,"menu_order":0,"comment_status":"closed","ping_status":"closed","template":"","meta":{"inline_featured_image":false,"footnotes":""},"tags":[1976,1966,2393,1970,1981],"camera_family":[],"class_list":["post-182895","page","type-page","status-publish","has-post-thumbnail","hentry","tag-autonomous-vehicles-de","tag-case-study-de","tag-helios2-camera-de","tag-warehouse-de","tag-logistics-de"],"aioseo_notices":[],"_links":{"self":[{"href":"https:\/\/thinklucid.com\/de\/wp-json\/wp\/v2\/pages\/182895","targetHints":{"allow":["GET"]}}],"collection":[{"href":"https:\/\/thinklucid.com\/de\/wp-json\/wp\/v2\/pages"}],"about":[{"href":"https:\/\/thinklucid.com\/de\/wp-json\/wp\/v2\/types\/page"}],"author":[{"embeddable":true,"href":"https:\/\/thinklucid.com\/de\/wp-json\/wp\/v2\/users\/1281"}],"replies":[{"embeddable":true,"href":"https:\/\/thinklucid.com\/de\/wp-json\/wp\/v2\/comments?post=182895"}],"version-history":[{"count":8,"href":"https:\/\/thinklucid.com\/de\/wp-json\/wp\/v2\/pages\/182895\/revisions"}],"predecessor-version":[{"id":185329,"href":"https:\/\/thinklucid.com\/de\/wp-json\/wp\/v2\/pages\/182895\/revisions\/185329"}],"up":[{"embeddable":true,"href":"https:\/\/thinklucid.com\/de\/wp-json\/wp\/v2\/pages\/183124"}],"wp:featuredmedia":[{"embeddable":true,"href":"https:\/\/thinklucid.com\/de\/wp-json\/wp\/v2\/media\/75833"}],"wp:attachment":[{"href":"https:\/\/thinklucid.com\/de\/wp-json\/wp\/v2\/media?parent=182895"}],"wp:term":[{"taxonomy":"post_tag","embeddable":true,"href":"https:\/\/thinklucid.com\/de\/wp-json\/wp\/v2\/tags?post=182895"},{"taxonomy":"camera_family","embeddable":true,"href":"https:\/\/thinklucid.com\/de\/wp-json\/wp\/v2\/camera_family?post=182895"}],"curies":[{"name":"wp","href":"https:\/\/api.w.org\/{rel}","templated":true}]}}