{"id":182871,"date":"2025-04-15T09:28:00","date_gmt":"2025-04-15T16:28:00","guid":{"rendered":"https:\/\/thinklucid.com\/precision-weed-control-agriculture-with-phoenix-gige-cameras\/"},"modified":"2025-09-24T11:08:48","modified_gmt":"2025-09-24T18:08:48","slug":"precision-weed-control-agriculture-with-phoenix-gige-cameras-2","status":"publish","type":"page","link":"https:\/\/thinklucid.com\/de\/case-studies\/precision-weed-control-agriculture-with-phoenix-gige-cameras-2\/","title":{"rendered":"KI-Unkrautbek\u00e4mpfung mit Phoenix-Kameras von LUCID"},"content":{"rendered":"<div class=\"wpb-content-wrapper\"><p>[vc_row css=&#8220;.vc_custom_1744660561943{background-image: url(https:\/\/mlxrlrwirvff.i.optimole.com\/cb:UhP2~57313\/w:auto\/h:auto\/q:75\/https:\/\/thinklucid.com\/wp-content\/uploads\/2025\/04\/case-study-DAT-field-cover.jpg?id=180779) !important;background-position: center !important;background-repeat: no-repeat !important;background-size: cover !important;}&#8220;][vc_column][vc_empty_space height=&#8220;30px&#8220;][vc_custom_heading text=&#8220;FALLSTUDIE&#8220; font_container=&#8220;tag:h1|font_size:70px|text_align:left|color:%231E1E1E&#8220; google_fonts=&#8220;font_family:Exo%3A100%2C100italic%2C200%2C200italic%2C300%2C300italic%2Cregular%2Citalic%2C500%2C500italic%2C600%2C600italic%2C700%2C700italic%2C800%2C800italic%2C900%2C900italic|font_style:300%20light%20regular%3A300%3Anormal&#8220; css=&#8220;.vc_custom_1752736124522{margin-left: 55px !important;}&#8220;][vc_custom_heading text=&#8220;Branche: Landwirtschaft<br \/>\nProdukt: Phoenix PHX051S-CC Kamera<br \/>\nAnwendung: KI-gest\u00fctzte Unkrauterkennung und -bek\u00e4mpfung<br \/>\nSDK: Eigene Software auf Basis von LUCIDs API&#8220; font_container=&#8220;tag:h2|font_size:18px|text_align:left|color:%231E1E1E&#8220; google_fonts=&#8220;font_family:Exo%3A100%2C100italic%2C200%2C200italic%2C300%2C300italic%2Cregular%2Citalic%2C500%2C500italic%2C600%2C600italic%2C700%2C700italic%2C800%2C800italic%2C900%2C900italic|font_style:400%20regular%3A400%3Anormal&#8220; css=&#8220;.vc_custom_1751435185547{margin-top: -30px !important;margin-bottom: 230px !important;margin-left: 58px !important;}&#8220;][\/vc_column][\/vc_row][vc_row][vc_column][vc_raw_html css=&#8220;&#8220;]JTNDb2wlMjBjbGFzcyUzRCUyMmJyZWFkY3J1bWIlMjIlMjBzdHlsZSUzRCUyMnBhZGRpbmctdG9wJTNBMTBweCUyMiUzRSUwQSUyMCUzQ2xpJTNFJTBBJTIwJTIwJTIwJTIwJTIwJTIwJTIwJTIwJTNDYSUyMGhyZWYlM0QlMjIlMkZkZSUyRiUyMiUzRUhvbWUlM0MlMkZhJTNFJTBBJTIwJTIwJTIwJTIwJTIwJTIwJTNDJTJGbGklM0UlMEElMjAlMjAlMjAlMjAlMjAlMjAlM0NsaSUzRSUwQSUyMCUyMCUyMCUyMCUyMCUyMCUyMCUyMCUzQ2ElMjBocmVmJTNEJTIyJTJGZGUlMkZjYXNlLXN0dWRpZXMlMkYlMjIlM0VDYXNlJTIwU3R1ZGllcyUzQyUyRmElM0UlMEElMjAlMjAlMjAlMjAlMjAlMjAlM0MlMkZsaSUzRSUwQSUyMCUyMCUyMCUyMCUyMCUyMCUzQ2xpJTNFJTBBJTIwJTIwJTIwJTIwJTIwJTIwJTIwJTIwS0ktYmFzaWVydGUlMjBQciVDMyVBNHppc2lvbnMtVW5rcmF1dGJlayVDMyVBNG1wZnVuZyUyMGluJTIwZGVyJTIwTGFuZHdpcnRzY2hhZnQlMjBtaXQlMjBQaG9lbml4LUthbWVyYXMlMjB2b24lMjBMVUNJRCUwQSUyMCUyMCUyMCUyMCUyMCUyMCUzQyUyRmxpJTNFJTBBJTIwJTIwJTIwJTIwJTIwJTBBJTIwJTIwJTIwJTIwJTNDJTJGb2wlM0U=[\/vc_raw_html][vc_custom_heading text=&#8220;KI-basierte Pr\u00e4zisions-Unkrautbek\u00e4mpfung in der Landwirtschaft mit Phoenix-Kameras von LUCID&#8220; font_container=&#8220;tag:h1|text_align:center&#8220; google_fonts=&#8220;font_family:Exo%3A100%2C100italic%2C200%2C200italic%2C300%2C300italic%2Cregular%2Citalic%2C500%2C500italic%2C600%2C600italic%2C700%2C700italic%2C800%2C800italic%2C900%2C900italic|font_style:400%20regular%3A400%3Anormal&#8220; css_animation=&#8220;fadeInDown&#8220; css=&#8220;&#8220;][\/vc_column][\/vc_row][vc_row][vc_column offset=&#8220;vc_col-lg-12 vc_col-md-12&#8243;][vc_column_text css=&#8220;&#8220;]Die moderne Landwirtschaft steht zunehmend unter Druck, Produktivit\u00e4t und Nachhaltigkeit in Einklang zu bringen. Eine der gr\u00f6\u00dften Herausforderungen bleibt dabei die effektive Unkrautbek\u00e4mpfung \u2013 sie ist entscheidend f\u00fcr stabile Ertr\u00e4ge, erfolgt aber h\u00e4ufig durch fl\u00e4chendeckenden Herbizideinsatz. Diese Methode behandelt das gesamte Feld \u2013 unabh\u00e4ngig davon, ob sich dort \u00fcberhaupt Unkraut befindet. Die Folgen sind ein \u00fcberm\u00e4\u00dfiger Chemikalieneinsatz, hohe Kosten und Umweltbelastung. Au\u00dferdem wird die Herbizidresistenz gef\u00f6rdert, was die Pflanzengesundheit und die Ertr\u00e4ge langfristig beeintr\u00e4chtigen kann.[\/vc_column_text][\/vc_column][\/vc_row][vc_row css=&#8220;.vc_custom_1601492287178{margin-bottom: 25px !important;}&#8220;][vc_column][vc_custom_heading text=&#8220;Herausforderung&#8220; google_fonts=&#8220;font_family:Exo%3A100%2C100italic%2C200%2C200italic%2C300%2C300italic%2Cregular%2Citalic%2C500%2C500italic%2C600%2C600italic%2C700%2C700italic%2C800%2C800italic%2C900%2C900italic|font_style:400%20regular%3A400%3Anormal&#8220; css=&#8220;&#8220;][\/vc_column][vc_column width=&#8220;1\/2&#8243;][vc_column_text css=&#8220;.vc_custom_1751435356561{margin-bottom: 25px !important;}&#8220;]Um diese Probleme zu l\u00f6sen, setzen Landwirte zunehmend auf automatisierte und intelligente Technologien. Ein Unternehmen, das hier f\u00fchrend ist, ist <strong><a style=\"color: #0073aa; text-decoration: none;\" href=\"https:\/\/www.dimensionsagri.no\/about-dat\/\" target=\"_blank\" rel=\"noopener\">Dimensions Agri Technologies (DAT)<\/a><\/strong> mit Sitz in Norwegen. DAT hat ein Machine-Vision-basiertes System zur gezielten Unkrautbehandlung entwickelt, das den Herbizideinsatz um bis zu <strong>90\u202f% reduziert<\/strong> \u2013 bei gleichzeitig h\u00f6herer Effizienz und Nachhaltigkeit.<\/p>\n<p>Bei der Entwicklung dieser L\u00f6sung musste DAT mehrere technische Herausforderungen meistern:<\/p>\n<ul>\n<li><strong>Integration in landwirtschaftliche Maschinen:<\/strong> Kompatibilit\u00e4t mit dem ISOBUS-Protokoll \u00fcber unterschiedliche Marken und Ger\u00e4tegenerationen hinweg.<\/li>\n<li><strong>Robuste Hardware:<\/strong> Zuverl\u00e4ssige Funktion in anspruchsvollen landwirtschaftlichen Umgebungen mit Staub, Vibration und Witterungseinfl\u00fcssen.<\/li>\n<li><strong>KI-Erkennungsgenauigkeit:<\/strong> Sichere Unterscheidung zwischen Nutzpflanzen und Unkraut bei unterschiedlichen Feldbedingungen und Regionen.<\/li>\n<\/ul>\n<p>[\/vc_column_text][\/vc_column][vc_column width=&#8220;1\/2&#8243;][vc_single_image image=&#8220;180792&#8243; img_size=&#8220;full&#8220; css=&#8220;&#8220;][vc_custom_heading text=&#8220;DAT hat eine KI-basierte Vision-L\u00f6sung entwickelt, die Unkraut in Echtzeit erkennt und sofort gezielt bespr\u00fcht \u2013 mit bis zu 90\u202f% weniger Herbizideinsatz.&#8220; font_container=&#8220;tag:p|font_size:16px|text_align:left|color:%23545454|line_height:20px&#8220; google_fonts=&#8220;font_family:Exo%3A100%2C100italic%2C200%2C200italic%2C300%2C300italic%2Cregular%2Citalic%2C500%2C500italic%2C600%2C600italic%2C700%2C700italic%2C800%2C800italic%2C900%2C900italic|font_style:700%20bold%20italic%3A700%3Aitalic&#8220; css_animation=&#8220;slideInRight&#8220; css=&#8220;.vc_custom_1751435365883{margin-top: 5px !important;}&#8220;][\/vc_column][\/vc_row][vc_row css=&#8220;.vc_custom_1601492447718{margin-bottom: 25px !important;}&#8220;][vc_column offset=&#8220;vc_col-lg-12 vc_col-md-12&#8243;][vc_custom_heading text=&#8220;L\u00f6sung&#8220; google_fonts=&#8220;font_family:Exo%3A100%2C100italic%2C200%2C200italic%2C300%2C300italic%2Cregular%2Citalic%2C500%2C500italic%2C600%2C600italic%2C700%2C700italic%2C800%2C800italic%2C900%2C900italic|font_style:400%20regular%3A400%3Anormal&#8220; css=&#8220;&#8220;][\/vc_column][vc_column width=&#8220;3\/4&#8243; css=&#8220;.vc_custom_1744731207885{margin-top: 0px !important;}&#8220; offset=&#8220;vc_col-lg-9 vc_col-md-9&#8243;][vc_column_text css=&#8220;&#8220;]F\u00fcr sein Erkennungssystem setzte DAT auf die Phoenix PHX051S-CC 5,0\u202fMP Kamera von LUCID mit dem Sony IMX568-Sensor. Die kompakte Board-Level-Kamera bietet genau die Bildqualit\u00e4t, Geschwindigkeit und Flexibilit\u00e4t, die f\u00fcr eine hochpr\u00e4zise Unkrauterkennung im Feld ben\u00f6tigt wird.[\/vc_column_text][\/vc_column][\/vc_row][vc_row css=&#8220;.vc_custom_1744732896542{margin-top: 30px !important;}&#8220;][vc_column width=&#8220;3\/4&#8243; offset=&#8220;vc_col-lg-9 vc_col-md-9&#8243; css=&#8220;.vc_custom_1744734298092{margin-bottom: 25px !important;}&#8220;][vc_single_image image=&#8220;180776&#8243; img_size=&#8220;full&#8220; css=&#8220;.vc_custom_1744733912893{margin-top: 20px !important;}&#8220;][\/vc_column][vc_column width=&#8220;1\/4&#8243; offset=&#8220;vc_col-lg-3 vc_col-md-3&#8243; css=&#8220;.vc_custom_1744761823256{padding-top: 20px !important;}&#8220;][vc_single_image image=&#8220;180871&#8243; img_size=&#8220;full&#8220; css=&#8220;&#8220;][vc_custom_heading text=&#8220;Die modular aufgebaute Phoenix-Kameraserie mit GigE und Power over Ethernet (PoE) bietet verschiedene Formfaktoren, Objektivanschl\u00fcsse, Schnittstellen und Sensortypen \u2013 ideal f\u00fcr kompakte und anpassbare OEM-Integrationen.&#8220; font_container=&#8220;tag:p|font_size:16px|text_align:left|color:%23545454|line_height:20px&#8220; google_fonts=&#8220;font_family:Exo%3A100%2C100italic%2C200%2C200italic%2C300%2C300italic%2Cregular%2Citalic%2C500%2C500italic%2C600%2C600italic%2C700%2C700italic%2C800%2C800italic%2C900%2C900italic|font_style:700%20bold%20italic%3A700%3Aitalic&#8220; css_animation=&#8220;slideInRight&#8220; css=&#8220;.vc_custom_1751435522333{margin-top: 5px !important;}&#8220;][\/vc_column][\/vc_row][vc_row css=&#8220;.vc_custom_1744732896542{margin-top: 30px !important;}&#8220;][vc_column width=&#8220;3\/4&#8243; offset=&#8220;vc_col-lg-9 vc_col-md-9&#8243; css=&#8220;.vc_custom_1744734434818{margin-bottom: 25px !important;}&#8220;][vc_column_text css=&#8220;.vc_custom_1751436079907{margin-top: 20px !important;}&#8220;]<strong>Zentrale Merkmale der L\u00f6sung:<\/strong><\/p>\n<ul>\n<li>Hochgeschwindigkeits-Bildgebung mit hoher Detailtreue f\u00fcr KI-basierte Unkrauterkennung in Echtzeit<\/li>\n<li>Zuverl\u00e4ssiger Betrieb im Feld, gesch\u00fctzt durch ein robustes Geh\u00e4use von DAT mit integriertem LED-Flash<\/li>\n<li>Nahtlose Softwareintegration, dank DATs eigener Softwarel\u00f6sung auf Basis der LUCID API<\/li>\n<li>Umfassende ISOBUS-Kompatibilit\u00e4t, f\u00fcr einfachen Plug-and-Play-Einsatz mit bestehender Landtechnik<\/li>\n<\/ul>\n<p>[\/vc_column_text][\/vc_column][\/vc_row][vc_row css=&#8220;.vc_custom_1745277239437{margin-top: 30px !important;}&#8220; el_id=&#8220;video&#8220;][vc_column offset=&#8220;vc_col-lg-6 vc_col-md-6&#8243; css=&#8220;.vc_custom_1601499619551{margin-bottom: 25px !important;}&#8220;][vc_single_image image=&#8220;180875&#8243; img_size=&#8220;full&#8220; css_animation=&#8220;slideInLeft&#8220; css=&#8220;&#8220;][vc_custom_heading text=&#8220;Das System kann direkt an vorhandene Spritzgest\u00e4nge montiert werden. Mehrere Kamerasensoren sind entlang des Auslegers verteilt. Ein zentrales Steuerger\u00e4t analysiert die Bilder in Echtzeit und entscheidet anhand individuell anpassbarer Schwellenwerte, ob ein Spr\u00fchvorgang notwendig ist.&#8220; font_container=&#8220;tag:p|font_size:16px|text_align:left|color:%23545454|line_height:20px&#8220; google_fonts=&#8220;font_family:Exo%3A100%2C100italic%2C200%2C200italic%2C300%2C300italic%2Cregular%2Citalic%2C500%2C500italic%2C600%2C600italic%2C700%2C700italic%2C800%2C800italic%2C900%2C900italic|font_style:700%20bold%20italic%3A700%3Aitalic&#8220; css_animation=&#8220;slideInLeft&#8220; css=&#8220;.vc_custom_1751436109990{margin-top: 5px !important;}&#8220;][\/vc_column][vc_column offset=&#8220;vc_col-lg-6 vc_col-md-6&#8243;][vc_video link=&#8220;https:\/\/www.youtube.com\/watch?v=dEWhCjgMdPA&#8220; css=&#8220;&#8220;][vc_custom_heading text=&#8220;Sehen Sie sich das Video des DAT EcoPatch-Systems im Einsatz an.&#8220; font_container=&#8220;tag:p|font_size:16px|text_align:left|color:%23545454|line_height:20px&#8220; google_fonts=&#8220;font_family:Exo%3A100%2C100italic%2C200%2C200italic%2C300%2C300italic%2Cregular%2Citalic%2C500%2C500italic%2C600%2C600italic%2C700%2C700italic%2C800%2C800italic%2C900%2C900italic|font_style:700%20bold%20italic%3A700%3Aitalic&#8220; css_animation=&#8220;slideInRight&#8220; css=&#8220;.vc_custom_1751436121579{margin-top: 5px !important;}&#8220;][\/vc_column][\/vc_row][vc_row][vc_column][vc_custom_heading text=&#8220;Fazit&#8220; google_fonts=&#8220;font_family:Exo%3A100%2C100italic%2C200%2C200italic%2C300%2C300italic%2Cregular%2Citalic%2C500%2C500italic%2C600%2C600italic%2C700%2C700italic%2C800%2C800italic%2C900%2C900italic|font_style:400%20regular%3A400%3Anormal&#8220; css=&#8220;&#8220;][vc_column_text css=&#8220;&#8220;]Durch die Integration der <strong>LUCID Phoenix Kamera<\/strong> in sein KI-gest\u00fctztes Sensorsystem hat DAT eine skalierbare und praxisgerechte L\u00f6sung f\u00fcr die pr\u00e4zise Unkrautbek\u00e4mpfung geschaffen. Landwirte profitieren von bis zu <strong>90\u202f% weniger Herbizideinsatz<\/strong>, niedrigeren Betriebskosten und ges\u00fcnderen Kulturen.<\/p>\n<p>Das Ergebnis: bessere Ernteertr\u00e4ge, geringere Umweltbelastung und fundierte Erkenntnisse f\u00fcr eine nachhaltige Betriebsf\u00fchrung \u2013 auf Basis datengetriebener Entscheidungen.<\/p>\n<p>Dank der Kompatibilit\u00e4t mit bestehender Technik l\u00e4sst sich das System schnell und einfach in den Betrieb integrieren \u2013 ein praxisnaher Schritt in Richtung smarte und nachhaltige Landwirtschaft.[\/vc_column_text][\/vc_column][\/vc_row][vc_row][vc_column css=&#8220;.vc_custom_1616520234601{margin-top: 30px !important;}&#8220;][vc_column_text css=&#8220;&#8220;]<strong>Mehr erfahren:<br \/>\n<a style=\"color: #0073aa; text-decoration: none;\" href=\"https:\/\/www.dimensionsagri.no\" target=\"_blank\" rel=\"noopener noreferrer\">Dimensions Agri Technologies (DAT)<\/a><br \/>\n<a style=\"color: #0073aa; text-decoration: none;\" href=\"https:\/\/thinklucid.com\/de\/phoenix-machine-vision\/\">Phoenix Kamera Produktseite<\/a><\/strong>[\/vc_column_text][\/vc_column][\/vc_row]<\/p>\n<\/div>","protected":false},"excerpt":{"rendered":"<p><strong>KI-gest\u00fctzte Unkrauterkennung:<\/strong> Das KI-gest\u00fctzte Unkrautbek\u00e4mpfungssystem von DAT nutzt Phoenix-Kameras von LUCID, um den Herbizideinsatz um bis zu 90\u202f% zu reduzieren \u2013 f\u00fcr mehr Nachhaltigkeit und h\u00f6here Ertr\u00e4ge in der Landwirtschaft.<\/p>\n","protected":false},"author":1281,"featured_media":182578,"parent":183124,"menu_order":0,"comment_status":"closed","ping_status":"closed","template":"","meta":{"inline_featured_image":false,"footnotes":""},"tags":[1966,1977,1980,2399],"camera_family":[],"class_list":["post-182871","page","type-page","status-publish","has-post-thumbnail","hentry","tag-case-study-de","tag-ai-detection-recognition-de","tag-agriculture-de","tag-phoenix-camera-de"],"aioseo_notices":[],"_links":{"self":[{"href":"https:\/\/thinklucid.com\/de\/wp-json\/wp\/v2\/pages\/182871","targetHints":{"allow":["GET"]}}],"collection":[{"href":"https:\/\/thinklucid.com\/de\/wp-json\/wp\/v2\/pages"}],"about":[{"href":"https:\/\/thinklucid.com\/de\/wp-json\/wp\/v2\/types\/page"}],"author":[{"embeddable":true,"href":"https:\/\/thinklucid.com\/de\/wp-json\/wp\/v2\/users\/1281"}],"replies":[{"embeddable":true,"href":"https:\/\/thinklucid.com\/de\/wp-json\/wp\/v2\/comments?post=182871"}],"version-history":[{"count":7,"href":"https:\/\/thinklucid.com\/de\/wp-json\/wp\/v2\/pages\/182871\/revisions"}],"predecessor-version":[{"id":185347,"href":"https:\/\/thinklucid.com\/de\/wp-json\/wp\/v2\/pages\/182871\/revisions\/185347"}],"up":[{"embeddable":true,"href":"https:\/\/thinklucid.com\/de\/wp-json\/wp\/v2\/pages\/183124"}],"wp:featuredmedia":[{"embeddable":true,"href":"https:\/\/thinklucid.com\/de\/wp-json\/wp\/v2\/media\/182578"}],"wp:attachment":[{"href":"https:\/\/thinklucid.com\/de\/wp-json\/wp\/v2\/media?parent=182871"}],"wp:term":[{"taxonomy":"post_tag","embeddable":true,"href":"https:\/\/thinklucid.com\/de\/wp-json\/wp\/v2\/tags?post=182871"},{"taxonomy":"camera_family","embeddable":true,"href":"https:\/\/thinklucid.com\/de\/wp-json\/wp\/v2\/camera_family?post=182871"}],"curies":[{"name":"wp","href":"https:\/\/api.w.org\/{rel}","templated":true}]}}