{"id":182862,"date":"2024-02-07T11:29:50","date_gmt":"2024-02-07T19:29:50","guid":{"rendered":"https:\/\/thinklucid.com\/pandion-3d-spatial-awareness-sensor-system\/"},"modified":"2025-09-24T11:13:36","modified_gmt":"2025-09-24T18:13:36","slug":"pandion-3d-spatial-awareness-sensor-system","status":"publish","type":"page","link":"https:\/\/thinklucid.com\/de\/case-studies\/pandion-3d-spatial-awareness-sensor-system\/","title":{"rendered":"Pr\u00e4zise 3D-Raumerfassung in anspruchsvollen Umgebungen mit IP67-Kameras von LUCID"},"content":{"rendered":"<div class=\"wpb-content-wrapper\"><p>[vc_row css=&#8220;.vc_custom_1707334460855{background-image: url(https:\/\/mlxrlrwirvff.i.optimole.com\/cb:UhP2~57313\/w:auto\/h:auto\/q:75\/https:\/\/thinklucid.com\/wp-content\/uploads\/2024\/02\/Cover-Visionary-case-study.jpg?id=169624) !important;background-position: center !important;background-repeat: no-repeat !important;background-size: cover !important;}&#8220;][vc_column][vc_empty_space height=&#8220;30px&#8220;][vc_custom_heading text=&#8220;FALLSTUDIE&#8220; font_container=&#8220;tag:h1|font_size:70px|text_align:left|color:%23ffffff&#8220; google_fonts=&#8220;font_family:Exo%3A100%2C100italic%2C200%2C200italic%2C300%2C300italic%2Cregular%2Citalic%2C500%2C500italic%2C600%2C600italic%2C700%2C700italic%2C800%2C800italic%2C900%2C900italic|font_style:300%20light%20regular%3A300%3Anormal&#8220; css=&#8220;.vc_custom_1752736047623{margin-left: 55px !important;}&#8220;][vc_custom_heading text=&#8220;Branche: Autonome Fahrzeuge<br \/>\nProdukt: Triton\u00ae GigE- und Triton\u00ae SWIR-Kameras<br \/>\nSDK: Arena SDK von LUCID&#8220; font_container=&#8220;tag:h2|font_size:18px|text_align:left|color:%23ffffff&#8220; google_fonts=&#8220;font_family:Exo%3A100%2C100italic%2C200%2C200italic%2C300%2C300italic%2Cregular%2Citalic%2C500%2C500italic%2C600%2C600italic%2C700%2C700italic%2C800%2C800italic%2C900%2C900italic|font_style:400%20regular%3A400%3Anormal&#8220; css=&#8220;.vc_custom_1751432364735{margin-top: -30px !important;margin-bottom: 230px !important;margin-left: 58px !important;}&#8220;][\/vc_column][\/vc_row][vc_row][vc_column][vc_raw_html css=&#8220;&#8220;]JTNDb2wlMjBjbGFzcyUzRCUyMmJyZWFkY3J1bWIlMjIlMjBzdHlsZSUzRCUyMnBhZGRpbmctdG9wJTNBMTBweCUyMiUzRSUwQSUyMCUzQ2xpJTNFJTBBJTIwJTIwJTIwJTIwJTIwJTIwJTIwJTIwJTNDYSUyMGhyZWYlM0QlMjIlMkZkZSUyRiUyMiUzRUhvbWUlM0MlMkZhJTNFJTBBJTIwJTIwJTIwJTIwJTIwJTIwJTNDJTJGbGklM0UlMEElMjAlMjAlMjAlMjAlMjAlMjAlM0NsaSUzRSUwQSUyMCUyMCUyMCUyMCUyMCUyMCUyMCUyMCUzQ2ElMjBocmVmJTNEJTIyJTJGZGUlMkZjYXNlLXN0dWRpZXMlMkYlMjIlM0VDYXNlJTIwU3R1ZGllcyUzQyUyRmElM0UlMEElMjAlMjAlMjAlMjAlMjAlMjAlM0MlMkZsaSUzRSUwQSUyMCUyMCUyMCUyMCUyMCUyMCUzQ2xpJTNFJTBBJTIwJTIwJTIwJTIwJTIwJTIwJTIwJTIwUHIlQzMlQTR6aXNlJTIwM0QtUmF1bWVyZmFzc3VuZyUyMGluJTIwYW5zcHJ1Y2hzdm9sbGVuJTIwVW1nZWJ1bmdlbiUyMG1pdCUyMElQNjctS2FtZXJhcyUyMHZvbiUyMExVQ0lEJTBBJTIwJTIwJTIwJTIwJTIwJTIwJTNDJTJGbGklM0UlMEElMjAlMjAlMjAlMjAlM0MlMkZvbCUzRQ==[\/vc_raw_html][vc_custom_heading text=&#8220;Pr\u00e4zise 3D-Raumerfassung in anspruchsvollen Umgebungen mit IP67-Kameras von LUCID&#8220; font_container=&#8220;tag:h1|text_align:center&#8220; google_fonts=&#8220;font_family:Exo%3A100%2C100italic%2C200%2C200italic%2C300%2C300italic%2Cregular%2Citalic%2C500%2C500italic%2C600%2C600italic%2C700%2C700italic%2C800%2C800italic%2C900%2C900italic|font_style:400%20regular%3A400%3Anormal&#8220; css_animation=&#8220;fadeInDown&#8220; css=&#8220;&#8220;][\/vc_column][\/vc_row][vc_row][vc_column offset=&#8220;vc_col-lg-12 vc_col-md-12&#8243;][vc_column_text css=&#8220;&#8220;]Die zunehmende Integration von Maschinen in verschiedenste Branchen \u2013 von Bergbau und Bauwesen bis hin zu \u00f6ffentlicher Sicherheit und Verteidigung \u2013 erfordert zuverl\u00e4ssige, pr\u00e4zise Raumerfassung zur Verbesserung von Betriebssicherheit und Effizienz. Das in Sydney (Australien) ans\u00e4ssige Unternehmen <a style=\"color: #0073aa; text-decoration: none;\" href=\"https:\/\/visionarymachines.com\/\"><strong>Visionary Machines<\/strong><\/a> erkannte die Grenzen bestehender L\u00f6sungen \u2013 insbesondere unter extremen Wetterbedingungen, bei schlechter Sicht sowie in GPS-gest\u00f6rten oder nicht zug\u00e4nglichen Umgebungen.[\/vc_column_text][\/vc_column][\/vc_row][vc_row css=&#8220;.vc_custom_1601492287178{margin-bottom: 25px !important;}&#8220;][vc_column][vc_custom_heading text=&#8220;Herausforderung&#8220; google_fonts=&#8220;font_family:Exo%3A100%2C100italic%2C200%2C200italic%2C300%2C300italic%2Cregular%2Citalic%2C500%2C500italic%2C600%2C600italic%2C700%2C700italic%2C800%2C800italic%2C900%2C900italic|font_style:400%20regular%3A400%3Anormal&#8220; css=&#8220;&#8220;][\/vc_column][vc_column width=&#8220;1\/2&#8243; offset=&#8220;vc_col-lg-6 vc_col-md-6&#8243;][vc_column_text css=&#8220;.vc_custom_1751432430506{margin-bottom: 25px !important;}&#8220;]Konventionelle aktive Sensortechnologien wie LiDAR senden Signale aus und sind dadurch anf\u00e4llig f\u00fcr St\u00f6rungen und Detektion. Zudem sto\u00dfen viele aktuelle Systeme bei widrigen Wetterverh\u00e4ltnissen oder schlechter Sicht an ihre Grenzen, was ihre Praxistauglichkeit stark einschr\u00e4nkt.<\/p>\n<p>Bei der Entwicklung ihres 3D-Raumerfassungssystems setzte Visionary Machines auf eine passive, robuste und zuverl\u00e4ssige L\u00f6sung, die unabh\u00e4ngig von GPS funktioniert, auch unter schwierigen Bedingungen hochaufgel\u00f6ste Bilder liefert und in rauen Umgebungen stabil arbeitet.[\/vc_column_text][\/vc_column][vc_column width=&#8220;1\/2&#8243; offset=&#8220;vc_col-lg-6 vc_col-md-6&#8243;][vc_single_image image=&#8220;169635&#8243; img_size=&#8220;full&#8220;][vc_custom_heading text=&#8220;Visionary Machines hat ein 3D-Raumerfassungssystem entwickelt, das unabh\u00e4ngig von GPS arbeitet und unter allen Wetterbedingungen hochwertige Bilddaten liefert.&#8220; font_container=&#8220;tag:p|font_size:14px|text_align:left|color:%23111111&#8243; google_fonts=&#8220;font_family:Exo%3A100%2C100italic%2C200%2C200italic%2C300%2C300italic%2Cregular%2Citalic%2C500%2C500italic%2C600%2C600italic%2C700%2C700italic%2C800%2C800italic%2C900%2C900italic|font_style:600%20bold%20regular%3A600%3Anormal&#8220; css_animation=&#8220;fadeInDown&#8220; css=&#8220;.vc_custom_1751432439899{margin-top: 5px !important;}&#8220;][\/vc_column][\/vc_row][vc_row css=&#8220;.vc_custom_1601492447718{margin-bottom: 25px !important;}&#8220;][vc_column offset=&#8220;vc_col-lg-12 vc_col-md-12&#8243;][vc_custom_heading text=&#8220;L\u00f6sung&#8220; google_fonts=&#8220;font_family:Exo%3A100%2C100italic%2C200%2C200italic%2C300%2C300italic%2Cregular%2Citalic%2C500%2C500italic%2C600%2C600italic%2C700%2C700italic%2C800%2C800italic%2C900%2C900italic|font_style:400%20regular%3A400%3Anormal&#8220; css=&#8220;&#8220;][\/vc_column][vc_column css=&#8220;.vc_custom_1707350782335{margin-bottom: 15px !important;}&#8220;][vc_column_text css=&#8220;&#8220;]Das Team von Visionary Machines entwickelte das 3D-Raumerfassungssystem der n\u00e4chsten Generation mit dem Namen Pandion\u2122, das IP67-zertifizierte Kameras f\u00fcr sichtbares Licht und SWIR von LUCID integriert. Der Sensor des Pandion\u2122-Systems erfasst pr\u00e4zise Umgebungsdaten in Echtzeit \u2013 \u00fcber ein benutzerdefiniertes Array von 4 bis 16 Triton GigE Vision- und Triton SWIR-Kameras.<\/p>\n<p>Das System nutzt Multikamera-Synchronisation, Precision Time Protocol (PTP) und eine konstante Bildrate, um akkurate 3D-Rekonstruktionen zu erzeugen.[\/vc_column_text][\/vc_column][vc_column width=&#8220;1\/2&#8243; css=&#8220;.vc_custom_1707346305219{margin-top: 0px !important;}&#8220; offset=&#8220;vc_col-lg-6 vc_col-md-6&#8243;][vc_column_text css=&#8220;&#8220;]Auf der Softwareseite setzte Visionary Machines das Arena SDK von LUCID ein, um die Bildverarbeitung optimal \u00fcber das GigE-Protokoll zu steuern. F\u00fcr eine reibungslose Integration in die Pandion\u2122-Technologie waren insbesondere folgende Kamerafunktionen von Bedeutung:<\/p>\n<ul>\n<li>PTP-Synchronisation mehrerer Kameras<\/li>\n<li>Standardfunktionen wie automatischer Gain, Auto-Exposure, Gamma-Korrektur und Bildinversion<\/li>\n<li>Aufnahmesteuerung mit kontinuierlicher Erfassung im PTP-Modus f\u00fcr stabile Bildfrequenz<\/li>\n<li>Verwaltung von Paket- und \u00dcbertragungsverz\u00f6gerungen bei begrenzter Netzwerkkapazit\u00e4t<\/li>\n<li>Robuste IP67-Bauweise mit Sto\u00df- und Vibrationsfestigkeit f\u00fcr raue Einsatzbedingungen<\/li>\n<\/ul>\n<p>[\/vc_column_text][\/vc_column][vc_column width=&#8220;1\/2&#8243; offset=&#8220;vc_col-lg-6 vc_col-md-6&#8243;][vc_single_image image=&#8220;169639&#8243; img_size=&#8220;full&#8220;][vc_custom_heading text=&#8220;Das Pandion\u2122-System erfasst detailreiche 3D-Umgebungsdaten in Echtzeit und kann flexibel an nahezu jedes Fahrzeug nachger\u00fcstet werden.&#8220; font_container=&#8220;tag:p|font_size:14px|text_align:left|color:%23111111&#8243; google_fonts=&#8220;font_family:Exo%3A100%2C100italic%2C200%2C200italic%2C300%2C300italic%2Cregular%2Citalic%2C500%2C500italic%2C600%2C600italic%2C700%2C700italic%2C800%2C800italic%2C900%2C900italic|font_style:600%20bold%20regular%3A600%3Anormal&#8220; css_animation=&#8220;fadeInDown&#8220; css=&#8220;.vc_custom_1751433627574{margin-top: 5px !important;}&#8220;][\/vc_column][\/vc_row][vc_row][vc_column width=&#8220;5\/12&#8243; offset=&#8220;vc_col-lg-5 vc_col-md-5&#8243;][vc_single_image image=&#8220;169645&#8243; img_size=&#8220;full&#8220; css=&#8220;.vc_custom_1707417810930{margin-top: 10px !important;}&#8220;][vc_custom_heading text=&#8220;Fahrzeugf\u00fchrer erhalten 3D-Daten auf einem lokalen Echtzeit-Display mit Touchscreen und flexibel montierbarem Monitor.&#8220; font_container=&#8220;tag:p|font_size:14px|text_align:left|color:%23111111&#8243; google_fonts=&#8220;font_family:Exo%3A100%2C100italic%2C200%2C200italic%2C300%2C300italic%2Cregular%2Citalic%2C500%2C500italic%2C600%2C600italic%2C700%2C700italic%2C800%2C800italic%2C900%2C900italic|font_style:600%20bold%20regular%3A600%3Anormal&#8220; css_animation=&#8220;fadeInDown&#8220; css=&#8220;.vc_custom_1751433644200{margin-top: 5px !important;}&#8220;][\/vc_column][vc_column width=&#8220;7\/12&#8243; offset=&#8220;vc_col-lg-7 vc_col-md-7&#8243;][vc_column_text css=&#8220;&#8220;]Das Pandion\u2122-System mit LUCID-Kameras meistert komplexe Anforderungen an die r\u00e4umliche Wahrnehmung \u2013 dort, wo herk\u00f6mmliche Technologien oft versagen. Kunden aus Bereichen wie Bergbau, Notfalldienste, \u00f6ffentlicher Sicherheit und Verteidigung profitieren von:<\/p>\n<ul>\n<li>Kosteneinsparungen durch h\u00f6here Betriebseffizienz und reduzierte Ausfallzeiten<\/li>\n<li>Leistungssteigerung durch ausreichende Aufl\u00f6sung und r\u00e4umliche Genauigkeit \u00fcber mittlere und gro\u00dfe Distanzen<\/li>\n<li>Autonomie bei passiver Navigation auch unter schwierigen Bedingungen<\/li>\n<li>Zuverl\u00e4ssiger Positions-, Navigations- und Zeitdatenzugriff, unabh\u00e4ngig von GPS-Verf\u00fcgbarkeit<\/li>\n<\/ul>\n<p>[\/vc_column_text][\/vc_column][\/vc_row][vc_row css=&#8220;.vc_custom_1707419976312{margin-top: 40px !important;}&#8220;][vc_column width=&#8220;1\/2&#8243; offset=&#8220;vc_col-lg-6 vc_col-md-6&#8243;][vc_single_image image=&#8220;169669&#8243; img_size=&#8220;full&#8220;][vc_custom_heading text=&#8220;Das Pandion\u2122-Kamerasystem nutzt IP67-zertifizierte Triton GigE Vision- und Triton SWIR-Kameras von LUCID.&#8220; font_container=&#8220;tag:p|font_size:14px|text_align:left|color:%23111111&#8243; google_fonts=&#8220;font_family:Exo%3A100%2C100italic%2C200%2C200italic%2C300%2C300italic%2Cregular%2Citalic%2C500%2C500italic%2C600%2C600italic%2C700%2C700italic%2C800%2C800italic%2C900%2C900italic|font_style:600%20bold%20regular%3A600%3Anormal&#8220; css_animation=&#8220;fadeInDown&#8220; css=&#8220;.vc_custom_1751433703577{margin-top: 5px !important;}&#8220;][\/vc_column][vc_column width=&#8220;1\/2&#8243; offset=&#8220;vc_col-lg-6 vc_col-md-6&#8243;][vc_video link=&#8220;https:\/\/www.youtube.com\/watch?v=s-frLlRhqdQ&#8220;][vc_custom_heading text=&#8220;Sehen Sie sich das Video zum 3D-Raumerfassungssystem von Visionary Machines im Feldeinsatz an.&#8220; font_container=&#8220;tag:p|font_size:14px|text_align:left|color:%23111111&#8243; google_fonts=&#8220;font_family:Exo%3A100%2C100italic%2C200%2C200italic%2C300%2C300italic%2Cregular%2Citalic%2C500%2C500italic%2C600%2C600italic%2C700%2C700italic%2C800%2C800italic%2C900%2C900italic|font_style:600%20bold%20regular%3A600%3Anormal&#8220; css_animation=&#8220;fadeInDown&#8220; css=&#8220;.vc_custom_1751433712453{margin-top: 5px !important;}&#8220;][\/vc_column][\/vc_row][vc_row][vc_column][vc_custom_heading text=&#8220;Fazit&#8220; google_fonts=&#8220;font_family:Exo%3A100%2C100italic%2C200%2C200italic%2C300%2C300italic%2Cregular%2Citalic%2C500%2C500italic%2C600%2C600italic%2C700%2C700italic%2C800%2C800italic%2C900%2C900italic|font_style:400%20regular%3A400%3Anormal&#8220; css=&#8220;&#8220;][vc_column_text css=&#8220;&#8220;]Die Zusammenarbeit zwischen Visionary Machines und LUCID zeigt, wie moderne Sensortechnologien die Maschinenwahrnehmung revolutionieren k\u00f6nnen. Das Pandion\u2122 3D-System hebt die r\u00e4umliche Wahrnehmung auf ein neues Niveau \u2013 mit Echtzeit-3D-Daten, passiver Technologie und robuster Performance. Es setzt neue Ma\u00dfst\u00e4be f\u00fcr Effizienz und Sicherheit in anspruchsvollen Anwendungen \u2013 von autonomen Fahrzeugen bis hin zur industriellen Automatisierung.[\/vc_column_text][\/vc_column][\/vc_row][vc_row][vc_column css=&#8220;.vc_custom_1616520234601{margin-top: 30px !important;}&#8220;][vc_column_text css=&#8220;&#8220;]<strong>Mehr erfahren:<br \/>\n<\/strong><\/p>\n<p><a style=\"color: #0073aa; text-decoration: none;\" href=\"https:\/\/visionarymachines.com\/vanguard\/\" target=\"_blank\" rel=\"noopener noreferrer\"><strong>Visionary Machines<\/strong><\/a><\/p>\n<p><a style=\"color: #0073aa; text-decoration: none;\" href=\"https:\/\/thinklucid.com\/de\/swir-ip67-cameras\/\"><strong>Triton SWIR kamera<\/strong><\/a> und <a style=\"color: #0073aa; text-decoration: none;\" href=\"https:\/\/thinklucid.com\/de\/triton-gige-machine-vision\/\"><strong>Triton GigE kamera<\/strong><\/a>[\/vc_column_text][\/vc_column][\/vc_row]<\/p>\n<\/div>","protected":false},"excerpt":{"rendered":"<p><strong>3D-Raumerkennungssystem:<\/strong> Die 3D-Wahrnehmung erweist sich dank Pandium von Visionary Machine als bahnbrechend f\u00fcr die Raumerkennung.<\/p>\n","protected":false},"author":1281,"featured_media":170622,"parent":183124,"menu_order":0,"comment_status":"closed","ping_status":"closed","template":"","meta":{"inline_featured_image":false,"footnotes":""},"tags":[1976,1966,2396],"camera_family":[],"class_list":["post-182862","page","type-page","status-publish","has-post-thumbnail","hentry","tag-autonomous-vehicles-de","tag-case-study-de","tag-triton-camera-de"],"aioseo_notices":[],"_links":{"self":[{"href":"https:\/\/thinklucid.com\/de\/wp-json\/wp\/v2\/pages\/182862","targetHints":{"allow":["GET"]}}],"collection":[{"href":"https:\/\/thinklucid.com\/de\/wp-json\/wp\/v2\/pages"}],"about":[{"href":"https:\/\/thinklucid.com\/de\/wp-json\/wp\/v2\/types\/page"}],"author":[{"embeddable":true,"href":"https:\/\/thinklucid.com\/de\/wp-json\/wp\/v2\/users\/1281"}],"replies":[{"embeddable":true,"href":"https:\/\/thinklucid.com\/de\/wp-json\/wp\/v2\/comments?post=182862"}],"version-history":[{"count":8,"href":"https:\/\/thinklucid.com\/de\/wp-json\/wp\/v2\/pages\/182862\/revisions"}],"predecessor-version":[{"id":185356,"href":"https:\/\/thinklucid.com\/de\/wp-json\/wp\/v2\/pages\/182862\/revisions\/185356"}],"up":[{"embeddable":true,"href":"https:\/\/thinklucid.com\/de\/wp-json\/wp\/v2\/pages\/183124"}],"wp:featuredmedia":[{"embeddable":true,"href":"https:\/\/thinklucid.com\/de\/wp-json\/wp\/v2\/media\/170622"}],"wp:attachment":[{"href":"https:\/\/thinklucid.com\/de\/wp-json\/wp\/v2\/media?parent=182862"}],"wp:term":[{"taxonomy":"post_tag","embeddable":true,"href":"https:\/\/thinklucid.com\/de\/wp-json\/wp\/v2\/tags?post=182862"},{"taxonomy":"camera_family","embeddable":true,"href":"https:\/\/thinklucid.com\/de\/wp-json\/wp\/v2\/camera_family?post=182862"}],"curies":[{"name":"wp","href":"https:\/\/api.w.org\/{rel}","templated":true}]}}