{"id":182848,"date":"2021-10-06T11:33:49","date_gmt":"2021-10-06T18:33:49","guid":{"rendered":"https:\/\/thinklucid.com\/3d-time-of-flight-camera-aids-robotic-palletizers\/"},"modified":"2025-09-24T11:01:16","modified_gmt":"2025-09-24T18:01:16","slug":"3d-time-of-flight-camera-aids-robotic-palletizers","status":"publish","type":"page","link":"https:\/\/thinklucid.com\/de\/case-studies\/3d-time-of-flight-camera-aids-robotic-palletizers\/","title":{"rendered":"3D-Time-of-Flight-Kamera unterst\u00fctzt robotergest\u00fctzte Palettierer"},"content":{"rendered":"<div class=\"wpb-content-wrapper\"><p>[vc_row css=&#8220;.vc_custom_1633554308340{background-image: url(https:\/\/mlxrlrwirvff.i.optimole.com\/cb:UhP2~57313\/w:auto\/h:auto\/q:75\/https:\/\/thinklucid.com\/wp-content\/uploads\/2021\/10\/codesolo-pallets-case-study-cover.jpg?id=90462) !important;background-position: center !important;background-repeat: no-repeat !important;background-size: cover !important;}&#8220;][vc_column][vc_empty_space height=&#8220;30px&#8220;][vc_custom_heading text=&#8220;FALLSTUDIE&#8220; font_container=&#8220;tag:h1|font_size:70px|text_align:left|color:%23ffffff&#8220; google_fonts=&#8220;font_family:Exo%3A100%2C100italic%2C200%2C200italic%2C300%2C300italic%2Cregular%2Citalic%2C500%2C500italic%2C600%2C600italic%2C700%2C700italic%2C800%2C800italic%2C900%2C900italic|font_style:300%20light%20regular%3A300%3Anormal&#8220; css=&#8220;.vc_custom_1752736057270{margin-left: 55px !important;}&#8220;][vc_custom_heading text=&#8220;Branche: Lager-\/Fertigungsautomatisierung<br \/>\nProdukt: Helios2 Time-of-Flight-Kamera<br \/>\nSDK: Benutzerdefinierte Software mit Arena SDK&#8220; font_container=&#8220;tag:h2|font_size:18px|text_align:left|color:%23ffffff&#8220; google_fonts=&#8220;font_family:Exo%3A100%2C100italic%2C200%2C200italic%2C300%2C300italic%2Cregular%2Citalic%2C500%2C500italic%2C600%2C600italic%2C700%2C700italic%2C800%2C800italic%2C900%2C900italic|font_style:400%20regular%3A400%3Anormal&#8220; css=&#8220;.vc_custom_1751428827993{margin-top: -30px !important;margin-bottom: 230px !important;margin-left: 58px !important;}&#8220;][\/vc_column][\/vc_row][vc_row][vc_column][vc_raw_html css=&#8220;&#8220;]JTNDb2wlMjBjbGFzcyUzRCUyMmJyZWFkY3J1bWIlMjIlMjBzdHlsZSUzRCUyMnBhZGRpbmctdG9wJTNBMTBweCUyMiUzRSUwQSUyMCUzQ2xpJTNFJTBBJTIwJTIwJTIwJTIwJTIwJTIwJTIwJTIwJTNDYSUyMGhyZWYlM0QlMjIlMkZkZSUyRiUyMiUzRUhvbWUlM0MlMkZhJTNFJTBBJTIwJTIwJTIwJTIwJTIwJTIwJTNDJTJGbGklM0UlMEElMjAlMjAlMjAlMjAlMjAlMjAlM0NsaSUzRSUwQSUyMCUyMCUyMCUyMCUyMCUyMCUyMCUyMCUzQ2ElMjBocmVmJTNEJTIyJTJGZGUlMkZjYXNlLXN0dWRpZXMlMkYlMjIlM0VDYXNlJTIwU3R1ZGllcyUzQyUyRmElM0UlMEElMjAlMjAlMjAlMjAlMjAlMjAlM0MlMkZsaSUzRSUwQSUyMCUyMCUyMCUyMCUyMCUyMCUzQ2xpJTNFJTBBJTIwJTIwJTIwJTIwJTIwJTIwJTIwJTIwM0QtVGltZS1vZi1GbGlnaHQtS2FtZXJhJTIwdW50ZXJzdCVDMyVCQ3R6dCUyMHJvYm90ZXJnZXN0JUMzJUJDdHp0ZSUyMFBhbGV0dGllcmVyJTBBJTIwJTIwJTIwJTIwJTIwJTIwJTNDJTJGbGklM0UlMEElMjAlMjAlMjAlMjAlM0MlMkZvbCUzRQ==[\/vc_raw_html][vc_custom_heading text=&#8220;3D-Time-of-Flight-Kamera unterst\u00fctzt robotergest\u00fctzte Palettierer&#8220; font_container=&#8220;tag:h1|text_align:center&#8220; google_fonts=&#8220;font_family:Exo%3A100%2C100italic%2C200%2C200italic%2C300%2C300italic%2Cregular%2Citalic%2C500%2C500italic%2C600%2C600italic%2C700%2C700italic%2C800%2C800italic%2C900%2C900italic|font_style:400%20regular%3A400%3Anormal&#8220; css_animation=&#8220;fadeInRight&#8220; css=&#8220;&#8220;][\/vc_column][\/vc_row][vc_row][vc_column width=&#8220;7\/12&#8243; offset=&#8220;vc_col-lg-7 vc_col-md-7&#8243;][vc_column_text css=&#8220;&#8220;]Das effiziente Be- und Entladen von Paletten mithilfe von Robotern erfordert ein automatisiertes System, das unterschiedlich geformte und gro\u00dfe Lasten schnell, pr\u00e4zise und zuverl\u00e4ssig handhaben kann \u2013 auch bei hohen Taktzeiten. Die Lagen auf den Paletten sind oft uneben, enthalten sperrige Objekte oder sind schr\u00e4g positioniert, was zu geneigten Schichten f\u00fchrt. Unabh\u00e4ngig von der gew\u00e4hlten Palettiermethode ist das Ziel jeder Lieferkettenoperation, m\u00f6glichst viele Produkte zu versenden. Das gelingt nur, wenn der verf\u00fcgbare Platz auf jeder Palette optimal ausgenutzt wird \u2013 selbst wenn dadurch nur ein einziges zus\u00e4tzliches Paket untergebracht werden kann.[\/vc_column_text][\/vc_column][vc_column width=&#8220;5\/12&#8243; offset=&#8220;vc_col-lg-5 vc_col-md-5&#8243; css=&#8220;.vc_custom_1628704306665{margin-top: 0px !important;}&#8220;][vc_single_image image=&#8220;90468&#8243; img_size=&#8220;full&#8220;][\/vc_column][vc_column css=&#8220;.vc_custom_1633558117348{margin-top: 30px !important;}&#8220;][vc_column_text css=&#8220;&#8220;]Die in Deutschland ans\u00e4ssigen Unternehmen <a style=\"color: #0073aa;\" href=\"https:\/\/www.msb-dueren.de\/en\/\">MSB D\u00fcren<\/a> und <a style=\"color: #0073aa;\" href=\"mailto:info@codesolo.net\">codesolo GmbH<\/a> nutzen ein F\u00f6rdersystem, bei dem Paletten mithilfe eines Roboters strukturiert und pr\u00e4zise positioniert werden. Dabei bedient der Roboter mehrere Palettent\u00fcrme, die jeweils verschiedene Palettentypen enthalten. <strong>Sobald ein neuer Turm per Gabelstapler bereitgestellt wird, erkennt die am Roboterkopf montierte Helios2 3D-Time-of-Flight-Kamera von LUCID den neuen Turm und misst die Abmessungen der Paletten, um deren Typ aus \u00fcber 20 unterschiedlichen Palettenformaten zu identifizieren.<\/strong>[\/vc_column_text][\/vc_column][\/vc_row][vc_row css=&#8220;.vc_custom_1601492287178{margin-bottom: 25px !important;}&#8220;][vc_column][vc_custom_heading text=&#8220;Herausforderung&#8220; google_fonts=&#8220;font_family:Exo%3A100%2C100italic%2C200%2C200italic%2C300%2C300italic%2Cregular%2Citalic%2C500%2C500italic%2C600%2C600italic%2C700%2C700italic%2C800%2C800italic%2C900%2C900italic|font_style:400%20regular%3A400%3Anormal&#8220; css=&#8220;&#8220;][\/vc_column][vc_column width=&#8220;2\/3&#8243; offset=&#8220;vc_col-lg-7 vc_col-md-7&#8243;][vc_column_text css=&#8220;.vc_custom_1751430137548{margin-bottom: 25px !important;}&#8220;]<\/p>\n<p data-start=\"2189\" data-end=\"2447\">Fr\u00fchere Systeme setzten auf <strong data-start=\"2217\" data-end=\"2240\">LiDAR-Linienscanner<\/strong>, deren Geschwindigkeit jedoch stark begrenzt war. Eine neue L\u00f6sung mit <strong data-start=\"2312\" data-end=\"2338\">Time-of-Flight-Kameras<\/strong> erwies sich aufgrund ihrer <strong data-start=\"2366\" data-end=\"2430\">hohen Genauigkeit, Aufl\u00f6sung und des attraktiven SDK-Preises<\/strong> als \u00fcberlegen.<\/p>\n<p data-start=\"2449\" data-end=\"2919\">Eine der gr\u00f6\u00dften Herausforderungen bestand darin, <strong data-start=\"2499\" data-end=\"2557\">mehr als 20 Palettentypen zuverl\u00e4ssig zu unterscheiden<\/strong>, obwohl sich viele nur minimal in ihren Abmessungen unterscheiden. Hinzu kamen Fertigungstoleranzen und kleinere Besch\u00e4digungen. Um dennoch eine eindeutige Erkennung zu erm\u00f6glichen, wurden <strong data-start=\"2747\" data-end=\"2779\">logische Entscheidungsregeln<\/strong> implementiert: Reichten die Prim\u00e4rdaten nicht aus, wurden zus\u00e4tzliche Merkmale ausgewertet, bis eine eindeutige Identifikation m\u00f6glich war.<\/p>\n<p data-start=\"2921\" data-end=\"3346\">Eine weitere Schwierigkeit stellten <strong data-start=\"2957\" data-end=\"2994\">halbtransparente Kunststofffolien<\/strong> dar, mit denen einige Paletten abgedeckt waren. Diese f\u00fchrten mitunter zu Messfehlern oder sogenannten \u201eGeisterdaten\u201c \u2013 \u00e4hnlich wie bei LiDAR. Durch die Kombination der <strong data-start=\"3164\" data-end=\"3230\">3D-Messdaten mit den gleichzeitig erfassten Intensit\u00e4tsbildern<\/strong> der Helios2 sowie den intelligenten Erkennungsalgorithmen konnte dennoch eine hohe Zuverl\u00e4ssigkeit erreicht werden.<\/p>\n<p>[\/vc_column_text][\/vc_column][vc_column width=&#8220;2\/3&#8243; offset=&#8220;vc_col-lg-5 vc_col-md-5&#8243;][vc_single_image image=&#8220;90501&#8243; img_size=&#8220;full&#8220;][vc_custom_heading text=&#8220;W\u00e4hrend LiDAR-Linienscanner in Palettiersystemen an ihre Grenzen sto\u00dfen, bietet die Helios2 3D-ToF-Kamera die erforderliche Geschwindigkeit, hohe Aufl\u00f6sung, IP67-Schutz und pr\u00e4zise Messungen \u2013 f\u00fcr eine robuste und zuverl\u00e4ssige Leistung auch in anspruchsvollen Umgebungen.&#8220; font_container=&#8220;tag:p|font_size:16px|text_align:center|color:%23545454|line_height:20px&#8220; google_fonts=&#8220;font_family:Exo%3A100%2C100italic%2C200%2C200italic%2C300%2C300italic%2Cregular%2Citalic%2C500%2C500italic%2C600%2C600italic%2C700%2C700italic%2C800%2C800italic%2C900%2C900italic|font_style:700%20bold%20italic%3A700%3Aitalic&#8220; css_animation=&#8220;fadeInRight&#8220; css=&#8220;.vc_custom_1751430164026{margin-top: 5px !important;}&#8220;][\/vc_column][\/vc_row][vc_row css=&#8220;.vc_custom_1601492447718{margin-bottom: 25px !important;}&#8220;][vc_column offset=&#8220;vc_col-lg-12 vc_col-md-12&#8243;][vc_custom_heading text=&#8220;L\u00f6sung&#8220; google_fonts=&#8220;font_family:Exo%3A100%2C100italic%2C200%2C200italic%2C300%2C300italic%2Cregular%2Citalic%2C500%2C500italic%2C600%2C600italic%2C700%2C700italic%2C800%2C800italic%2C900%2C900italic|font_style:400%20regular%3A400%3Anormal&#8220; css=&#8220;&#8220;][\/vc_column][vc_column width=&#8220;2\/3&#8243; css=&#8220;.vc_custom_1633560206516{margin-top: 0px !important;}&#8220; offset=&#8220;vc_col-lg-8 vc_col-md-8&#8243;][vc_column_text css=&#8220;&#8220;]<\/p>\n<p data-start=\"3700\" data-end=\"3918\">Bei jeder neuen Anforderung misst die <strong data-start=\"3738\" data-end=\"3756\">Helios2-Kamera<\/strong> pr\u00e4zise die Position der obersten Palette eines ausgew\u00e4hlten Turms, damit der Roboter diese exakt entnehmen kann, auch bei Abweichungen von der Idealposition.<\/p>\n<p data-start=\"3920\" data-end=\"4265\">Die Kamera ist <strong data-start=\"3935\" data-end=\"3969\">zentral in die Greiferstruktur<\/strong> integriert, die sich am Kopf des Roboters befindet. Sie ist \u00fcber ein einziges Kabel mit <strong data-start=\"4058\" data-end=\"4087\">Power over Ethernet (PoE)<\/strong> an einen <strong data-start=\"4097\" data-end=\"4104\">IPC<\/strong> angebunden, auf dem die Analysesoftware l\u00e4uft. Der IPC kommuniziert \u00fcber eine zweite LAN-Verbindung sowohl mit dem Roboter als auch mit einer <strong data-start=\"4247\" data-end=\"4262\">Siemens-SPS<\/strong>.<\/p>\n<p data-start=\"4267\" data-end=\"4479\">Die Helios2 wird sowohl im <strong data-start=\"4294\" data-end=\"4308\">Streaming-<\/strong> als auch im <strong data-start=\"4321\" data-end=\"4340\">Einzelbildmodus<\/strong> betrieben. Im Einzelbildmodus werden bis zu 32 Aufnahmen erfasst, aus denen ein gemitteltes Bild berechnet und an den IPC \u00fcbertragen wird.<\/p>\n<p>[\/vc_column_text][\/vc_column][vc_column width=&#8220;1\/3&#8243; offset=&#8220;vc_col-lg-4 vc_col-md-4&#8243;][vc_single_image image=&#8220;90479&#8243; img_size=&#8220;full&#8220;][vc_custom_heading text=&#8220;Die Helios2 ToF-Kamera ist in die Greiferstruktur am Kopf des Palettierroboters integriert.&#8220; font_container=&#8220;tag:p|font_size:16px|text_align:center|color:%23545454|line_height:20px&#8220; google_fonts=&#8220;font_family:Exo%3A100%2C100italic%2C200%2C200italic%2C300%2C300italic%2Cregular%2Citalic%2C500%2C500italic%2C600%2C600italic%2C700%2C700italic%2C800%2C800italic%2C900%2C900italic|font_style:700%20bold%20italic%3A700%3Aitalic&#8220; css_animation=&#8220;fadeInRight&#8220; css=&#8220;.vc_custom_1751430336884{margin-top: 5px !important;}&#8220;][\/vc_column][\/vc_row][vc_row][vc_column offset=&#8220;vc_col-lg-4 vc_col-md-4&#8243; css=&#8220;.vc_custom_1633558490945{margin-bottom: 25px !important;}&#8220;][vc_single_image image=&#8220;90487&#8243; img_size=&#8220;full&#8220; alignment=&#8220;center&#8220;][\/vc_column][vc_column offset=&#8220;vc_col-lg-4 vc_col-md-4&#8243;][vc_single_image image=&#8220;90483&#8243; img_size=&#8220;full&#8220;][\/vc_column][vc_column offset=&#8220;vc_col-lg-4 vc_col-md-4&#8243;][vc_single_image image=&#8220;90491&#8243; img_size=&#8220;full&#8220;][\/vc_column][\/vc_row][vc_row][vc_column][vc_custom_heading text=&#8220;Durch die Kombination von 3D-Messdaten und Intensit\u00e4tsbildern lassen sich \u00fcber 20 Palettentypen zuverl\u00e4ssig erkennen und vermessen \u2013 selbst bei halbtransparenten oder reflektierenden Materialien.&#8220; font_container=&#8220;tag:p|font_size:16px|text_align:center|color:%23545454|line_height:20px&#8220; google_fonts=&#8220;font_family:Exo%3A100%2C100italic%2C200%2C200italic%2C300%2C300italic%2Cregular%2Citalic%2C500%2C500italic%2C600%2C600italic%2C700%2C700italic%2C800%2C800italic%2C900%2C900italic|font_style:700%20bold%20italic%3A700%3Aitalic&#8220; css_animation=&#8220;fadeInLeft&#8220; css=&#8220;.vc_custom_1751430345663{margin-top: 5px !important;}&#8220;][\/vc_column][\/vc_row][vc_row][vc_column][vc_custom_heading text=&#8220;Fazit&#8220; google_fonts=&#8220;font_family:Exo%3A100%2C100italic%2C200%2C200italic%2C300%2C300italic%2Cregular%2Citalic%2C500%2C500italic%2C600%2C600italic%2C700%2C700italic%2C800%2C800italic%2C900%2C900italic|font_style:400%20regular%3A400%3Anormal&#8220; css=&#8220;&#8220;][vc_column_text css=&#8220;&#8220;]<\/p>\n<p data-start=\"4987\" data-end=\"5154\">Fr\u00fcher wurden Paletten im Rahmen eines 5-Schicht-Betriebs <strong data-start=\"5045\" data-end=\"5085\">manuell in die Vorrichtung eingelegt<\/strong> \u2013 eine unzumutbare Arbeit, zumal einige Paletten sehr schwer sind.<\/p>\n<p data-start=\"5156\" data-end=\"5434\">Dank des automatisierten Palettierprozesses und dem Einsatz von <strong data-start=\"5220\" data-end=\"5246\">Time-of-Flight-Kameras<\/strong> erfolgt die Vorbereitung der T\u00fcrme heute im Regelbetrieb mit <strong data-start=\"5308\" data-end=\"5340\">minimalem manuellem Eingriff<\/strong>. Gleichzeitig konnten <strong data-start=\"5363\" data-end=\"5383\">Kosten reduziert<\/strong> und <strong data-start=\"5388\" data-end=\"5413\">schnellere Taktzeiten<\/strong> realisiert werden.<\/p>\n<p data-start=\"5436\" data-end=\"5684\"><strong data-start=\"5436\" data-end=\"5463\">Vergleichstests zeigten<\/strong>, dass die <strong data-start=\"5474\" data-end=\"5496\">Helios2 ToF-Kamera<\/strong> die beste L\u00f6sung f\u00fcr ein effizientes Be- und Entladen von Paletten darstellt \u2013 insbesondere wegen ihrer <strong data-start=\"5601\" data-end=\"5683\">Genauigkeit, Aufl\u00f6sung und dem leistungsstarken SDK zu einem attraktiven Preis<\/strong>.<\/p>\n<p>[\/vc_column_text][\/vc_column][\/vc_row][vc_row][vc_column css=&#8220;.vc_custom_1616520234601{margin-top: 30px !important;}&#8220;][vc_column_text css=&#8220;&#8220;]<\/p>\n<p><strong>Mehr erfahren:<br \/>\n<\/strong><br \/>\nMSB D\u00fcren GmbH ist ein Hersteller von F\u00f6rdersystemen und bietet verschiedene Zusatzfunktionen wie Erkennung, Datenerfassung \/ -verfolgung und Messung zur Handhabung der F\u00f6rderg\u00fcter.<\/p>\n<p><a style=\"color: #0073aa; text-decoration: none;\" href=\"https:\/\/www.msb-dueren.de\/en\/\" target=\"_blank\" rel=\"noopener noreferrer\">msb-dueren.de<\/a><\/p>\n<p>F\u00fcr individuelle Softwareentwicklungsanfragen kontaktieren Sie bitte<a style=\"color: #0073aa; text-decoration: none;\" href=\"mailto:info@codesolo.net\"> codesolo.net<\/a><\/p>\n<p>[\/vc_column_text][\/vc_column][\/vc_row]<\/p>\n<\/div>","protected":false},"excerpt":{"rendered":"<p><strong>3D-Roboterpalettierer:<\/strong> Sobald ein neuer Palettenturm per Gabelstapler angeliefert wird, erkennt das System den neuen Turm und vermisst die Paletten, um den jeweiligen Typ aus 20 verschiedenen Palettenarten zu identifizieren.<\/p>\n","protected":false},"author":1281,"featured_media":97737,"parent":183124,"menu_order":0,"comment_status":"closed","ping_status":"closed","template":"","meta":{"inline_featured_image":false,"footnotes":""},"tags":[1966,1967,2393,1970,1968,1969],"camera_family":[],"class_list":["post-182848","page","type-page","status-publish","has-post-thumbnail","hentry","tag-case-study-de","tag-manufacturing-automation-de","tag-helios2-camera-de","tag-warehouse-de","tag-material-handling-de","tag-robotics-de"],"aioseo_notices":[],"_links":{"self":[{"href":"https:\/\/thinklucid.com\/de\/wp-json\/wp\/v2\/pages\/182848","targetHints":{"allow":["GET"]}}],"collection":[{"href":"https:\/\/thinklucid.com\/de\/wp-json\/wp\/v2\/pages"}],"about":[{"href":"https:\/\/thinklucid.com\/de\/wp-json\/wp\/v2\/types\/page"}],"author":[{"embeddable":true,"href":"https:\/\/thinklucid.com\/de\/wp-json\/wp\/v2\/users\/1281"}],"replies":[{"embeddable":true,"href":"https:\/\/thinklucid.com\/de\/wp-json\/wp\/v2\/comments?post=182848"}],"version-history":[{"count":10,"href":"https:\/\/thinklucid.com\/de\/wp-json\/wp\/v2\/pages\/182848\/revisions"}],"predecessor-version":[{"id":185330,"href":"https:\/\/thinklucid.com\/de\/wp-json\/wp\/v2\/pages\/182848\/revisions\/185330"}],"up":[{"embeddable":true,"href":"https:\/\/thinklucid.com\/de\/wp-json\/wp\/v2\/pages\/183124"}],"wp:featuredmedia":[{"embeddable":true,"href":"https:\/\/thinklucid.com\/de\/wp-json\/wp\/v2\/media\/97737"}],"wp:attachment":[{"href":"https:\/\/thinklucid.com\/de\/wp-json\/wp\/v2\/media?parent=182848"}],"wp:term":[{"taxonomy":"post_tag","embeddable":true,"href":"https:\/\/thinklucid.com\/de\/wp-json\/wp\/v2\/tags?post=182848"},{"taxonomy":"camera_family","embeddable":true,"href":"https:\/\/thinklucid.com\/de\/wp-json\/wp\/v2\/camera_family?post=182848"}],"curies":[{"name":"wp","href":"https:\/\/api.w.org\/{rel}","templated":true}]}}