{"id":168919,"date":"2022-06-16T15:38:33","date_gmt":"2022-06-16T22:38:33","guid":{"rendered":"https:\/\/ec2-34-221-119-146.us-west-2.compute.amazonaws.com\/triton-evs\/"},"modified":"2025-09-16T16:16:00","modified_gmt":"2025-09-16T23:16:00","slug":"triton2-evs","status":"publish","type":"page","link":"https:\/\/thinklucid.com\/de\/triton2-evs\/","title":{"rendered":"Triton2 EVS Ereignisbasierte Kamera mit Sony IMX636 und IMX637"},"content":{"rendered":"<div class=\"wpb-content-wrapper\"><p>[vc_row][vc_column]\n\t\t\t\t<p class=\"rs-p-wp-fix\"><\/p>\n\t\t\t\t<sr7-module data-alias=\"video-hero1\" data-id=\"113\" id=\"SR7_113_1\" class=\"rs-ov-hidden\" data-version=\"6.7.41\">\n\t\t\t\t\t<sr7-adjuster><\/sr7-adjuster>\n\t\t\t\t\t<sr7-content>\n\t\t\t\t\t\t<sr7-slide id=\"SR7_113_1-277\" data-key=\"277\">\n\t\t\t\t\t\t\t<sr7-txt id=\"SR7_113_1-277-5\" class=\"sr7-layer\">Ereignisbasierte Kamera<\/sr7-txt>\n\t\t\t\t\t\t\t<sr7-txt id=\"SR7_113_1-277-8\" class=\"sr7-layer\">Triton2 EVS<\/sr7-txt>\n\t\t\t\t\t\t\t<sr7-txt id=\"SR7_113_1-277-9\" class=\"sr7-layer\">&reg;<\/sr7-txt>\n\t\t\t\t\t\t\t<sr7-txt id=\"SR7_113_1-277-10\" class=\"sr7-layer\">Entwickelt f\u00fcr anspruchsvolle Industrieumgebungen<\/sr7-txt>\n\t\t\t\t\t\t\t<sr7-txt id=\"SR7_113_1-277-11\" class=\"sr7-layer\">\u00c4quivalent von mehr als 10.000 fps mit 120dB Dynamikbereich<\/sr7-txt>\n\t\t\t\t\t\t\t<sr7-txt id=\"SR7_113_1-277-12\" class=\"sr7-layer\">Vollst\u00e4ndig getestet gegen Schock, Vibration, Wasser, Staub, Temperatur und EMI<\/sr7-txt>\n\t\t\t\t\t\t\t<sr7-txt id=\"SR7_113_1-277-13\" class=\"sr7-layer\">Leicht, kompakt, IP67 aufr\u00fcstbar<\/sr7-txt>\n\t\t\t\t\t\t\t<sr7-txt id=\"SR7_113_1-277-14\" class=\"sr7-layer\">0.9 MP,  1280 x 720 px, IMX636<br \/>\n0.3 MP, 640 x 512 px, IMX637<\/sr7-txt>\n\t\t\t\t\t\t<\/sr7-slide>\n\t\t\t\t\t\t<sr7-slide id=\"SR7_113_1-610\" data-key=\"610\">\n\t\t\t\t\t\t<\/sr7-slide>\n\t\t\t\t\t<\/sr7-content>\n\t\t\t\t\t<image_lists style=\"display:none\">\n\t\t\t\t\t\t<img decoding=async data-opt-id=20378392  data-src=\"https:\/\/mlxrlrwirvff.i.optimole.com\/cb:UhP2~57313\/w:auto\/h:auto\/q:75\/https:\/\/thinklucid.com\/wp-content\/uploads\/2022\/06\/Prophesee-event-sensor-2.png\" data-libid=\"114004\" data-lib=\"medialibrary\" alt=\"Sony and Prophesee event-based sensor\" title=\"Sony and Prophesee event-based sensor\" width=\"0\" height=\"0\" data-dbsrc=\"Ly90aGlua2x1Y2lkLmNvbS93cC1jb250ZW50L3VwbG9hZHMvMjAyMi8wNi9Qcm9waGVzZWUtZXZlbnQtc2Vuc29yLTIucG5n\"\/>\n\t\t\t\t\t\t<img decoding=async data-opt-id=1912163541  data-src=\"https:\/\/mlxrlrwirvff.i.optimole.com\/cb:UhP2~57313\/w:auto\/h:auto\/q:75\/https:\/\/thinklucid.com\/wp-content\/uploads\/2022\/06\/Light-shine.png\" data-libid=\"114008\" data-lib=\"medialibrary\" width=\"0\" height=\"0\" data-dbsrc=\"Ly90aGlua2x1Y2lkLmNvbS93cC1jb250ZW50L3VwbG9hZHMvMjAyMi8wNi9MaWdodC1zaGluZS5wbmc=\"\/>\n\t\t\t\t\t\t<img decoding=async data-opt-id=165046611  data-src=\"https:\/\/mlxrlrwirvff.i.optimole.com\/cb:UhP2~57313\/w:auto\/h:auto\/q:75\/https:\/\/thinklucid.com\/wp-content\/uploads\/2022\/06\/event-vision-sensor-applications-1.jpg\" data-libid=\"114159\" data-lib=\"medialibrary\" alt=\"event vision sensor applications\" width=\"0\" height=\"0\" data-dbsrc=\"Ly90aGlua2x1Y2lkLmNvbS93cC1jb250ZW50L3VwbG9hZHMvMjAyMi8wNi9ldmVudC12aXNpb24tc2Vuc29yLWFwcGxpY2F0aW9ucy0xLmpwZw==\"\/>\n\t\t\t\t\t\t<img decoding=async data-opt-id=603236768  data-src=\"https:\/\/mlxrlrwirvff.i.optimole.com\/cb:UhP2~57313\/w:auto\/h:auto\/q:75\/https:\/\/thinklucid.com\/wp-content\/uploads\/2024\/01\/Triton2-EVS-Event-Based-Camera-1.png\" data-libid=\"168883\" data-lib=\"medialibrary\" alt=\"Triton2 EVS Event Based Camera\" width=\"0\" height=\"0\" data-dbsrc=\"Ly90aGlua2x1Y2lkLmNvbS93cC1jb250ZW50L3VwbG9hZHMvMjAyNC8wMS9Ucml0b24yLUVWUy1FdmVudC1CYXNlZC1DYW1lcmEtMS5wbmc=\"\/>\n\t\t\t\t\t<\/image_lists>\n\t\t\t\t<\/sr7-module>\n\t\t\t\t<script>\n\t\t\t\t\tSR7.PMH ??={}; SR7.PMH[\"SR7_113_1\"] = {cn:100,state:false,fn: function() { if (_tpt!==undefined && _tpt.prepareModuleHeight !== undefined) {  _tpt.prepareModuleHeight({id:\"SR7_113_1\",el:[1400,1400,1280,1280,1280],type:'standard',shdw:'0',gh:[1400,1400,1280,1280,1280],gw:[2000,2000,1818,991,480],vpt:['-200px&#039;,&#039;-200px&#039;,&#039;-200px&#039;,&#039;-200px&#039;,&#039;-200px'],size:{fullWidth:true, fullHeight:false},mh:'0',onh:0,onw:0,bg:{color:'{\"orig\":\"transparent\",\"type\":\"solid\",\"string\":\"transparent\"}'},plType:'7',plColor:'#FFFFFF'});   SR7.PMH[\"SR7_113_1\"].state=true;} else if(SR7.PMH[\"SR7_113_1\"].cn-->0)\tsetTimeout( SR7.PMH[\"SR7_113_1\"].fn,19);}};SR7.PMH[\"SR7_113_1\" ].fn();\n\t\t\t\t<\/script>\n[\/vc_column][\/vc_row][vc_row bg_type=&#8220;bg_color&#8220; bg_override=&#8220;ex-full&#8220; bg_color_value=&#8220;#002647&#8243;][vc_column css=&#8220;.vc_custom_1655699251947{padding-top: 55px !important;padding-bottom: 85px !important;}&#8220;][vc_single_image image=&#8220;168888&#8243; img_size=&#8220;full&#8220; alignment=&#8220;center&#8220; css_animation=&#8220;fadeInUp&#8220;][vc_custom_heading text=&#8220;Geschwindigkeit, Leistung, Effizienz und Sicherheit f\u00fcr eine neue \u00c4ra der Autonomie, Automatisierung und Mobilit\u00e4t&#8220; font_container=&#8220;tag:h2|text_align:center|color:%23ffffff&#8220; use_theme_fonts=&#8220;yes&#8220; css_animation=&#8220;fadeInUp&#8220; css=&#8220;.vc_custom_1705084488933{margin-bottom: 35px !important;}&#8220;][vc_column_text css_animation=&#8220;fadeIn&#8220;]<\/p>\n<p style=\"text-align: center; color: white; font-size: x-large;\"><em><strong>Was ist eine ereignisgesteuerte Kamera?<\/strong><\/em><\/p>\n<p>[\/vc_column_text][vc_row_inner content_placement=&#8220;middle&#8220; gap=&#8220;35&#8243;][vc_column_inner width=&#8220;1\/2&#8243; offset=&#8220;vc_col-lg-offset-2 vc_col-lg-4 vc_col-md-offset-1 vc_col-md-10&#8243;][vc_column_text css_animation=&#8220;fadeInLeft&#8220;]<\/p>\n<p style=\"text-align: center; color: white; font-size: large;\">Die Triton2 EVS-Kamera, die mit dem ereignisbasierten Sensor von Sony ausgestattet ist, liefert ereignisbasierte Daten. Anstelle von Einzelbildern nehmen die ereignisbasierten Pixel kontinuierlich das einfallende Licht auf und erzeugen nur dann ein Signal, wenn sich der Lichtpegel \u00e4ndert.<\/p>\n<p>[\/vc_column_text][\/vc_column_inner][vc_column_inner width=&#8220;1\/2&#8243; offset=&#8220;vc_col-lg-offset-0 vc_col-lg-4 vc_col-md-offset-1 vc_col-md-10&#8243;][vc_column_text css_animation=&#8220;fadeInRight&#8220;]<\/p>\n<p style=\"text-align: center; color: white; font-size: large;\">Der Sensor hat keinen Verschluss, da er den Fotostrom kontinuierlich auf Beleuchtungs\u00e4nderungen \u00fcberwacht und mit einem EIN- oder AUS-Ereignis reagiert, das eine Zunahme oder Abnahme der Intensit\u00e4t darstellt, die bestimmte Schwellenwerte \u00fcberschreitet.<\/p>\n<p>[\/vc_column_text][\/vc_column_inner][\/vc_row_inner][vc_row_inner content_placement=&#8220;middle&#8220; gap=&#8220;35&#8243;][vc_column_inner offset=&#8220;vc_col-lg-offset-2 vc_col-lg-8 vc_col-md-offset-1 vc_col-md-10&#8243;][vc_column_text css_animation=&#8220;fadeInLeft&#8220;]<\/p>\n<p style=\"text-align: center; color: white; font-size: large;\">Die Sensoren <strong>IMX636 und IMX637<\/strong> wurden durch die Zusammenarbeit von <strong>Sony und Prophesee<\/strong> erm\u00f6glicht, indem die CMOS-Bildsensortechnologie von Sony mit der einzigartigen ereignisbasierten Metavision\u00ae-Sensortechnologie von Prophesee kombiniert wurde.<\/p>\n<p>[\/vc_column_text][\/vc_column_inner][\/vc_row_inner][\/vc_column][\/vc_row][vc_row css=&#8220;.vc_custom_1656025368924{margin-top: 50px !important;}&#8220;][vc_column offset=&#8220;vc_col-lg-offset-0 vc_col-lg-12 vc_col-xs-12&#8243;][vc_custom_heading text=&#8220;Ereignisbasierter Vision-Sensor + Triton2 Factory Tough Kamera&#8220; font_container=&#8220;tag:h2|font_size:42px|text_align:center&#8220; use_theme_fonts=&#8220;yes&#8220;][\/vc_column][\/vc_row][vc_row][vc_column offset=&#8220;vc_col-lg-offset-2 vc_col-lg-8&#8243; css=&#8220;.vc_custom_1656025318953{margin-top: 25px !important;}&#8220;][vc_row_inner equal_height=&#8220;yes&#8220; content_placement=&#8220;top&#8220; gap=&#8220;3&#8243;][vc_column_inner width=&#8220;1\/3&#8243;][vc_icon icon_fontawesome=&#8220;fas fa-tachometer-alt&#8220; color=&#8220;black&#8220; size=&#8220;xl&#8220; align=&#8220;center&#8220; css=&#8220;.vc_custom_1655749584431{margin-top: 35px !important;margin-bottom: 25px !important;}&#8220;][vc_custom_heading text=&#8220;<strong>GESCHWINDIGKEIT<\/strong>&#8220; font_container=&#8220;tag:h2|font_size:26px|text_align:center&#8220; use_theme_fonts=&#8220;yes&#8220; css_animation=&#8220;fadeInUp&#8220;][vc_column_text css_animation=&#8220;fadeInUp&#8220;]<\/p>\n<p style=\"text-align: center;\"><strong>\u00c4quivalent von mehr als 10.000fps<\/strong><\/p>\n<p style=\"text-align: center;\">Erzielen Sie eine hohe Geschwindigkeit und eine hohe zeitliche Aufl\u00f6sung. Es gibt keine Kompromisse mehr bei der Framerate. Nutzen Sie die Vorteile von Ereignissen anstelle von Frames und enth\u00fcllen Sie das Unsichtbare, das in der hyperschnellen und fl\u00fcchtigen Dynamik der Szene verborgen ist.<\/p>\n<p>[\/vc_column_text][\/vc_column_inner][vc_column_inner width=&#8220;1\/3&#8243;][vc_icon color=&#8220;black&#8220; size=&#8220;xl&#8220; align=&#8220;center&#8220; css=&#8220;.vc_custom_1655749592007{margin-top: 35px !important;margin-bottom: 25px !important;}&#8220;][vc_custom_heading text=&#8220;<strong>DYNAMISCHER BEREICH<\/strong>&#8220; font_container=&#8220;tag:h2|font_size:26px|text_align:center&#8220; use_theme_fonts=&#8220;yes&#8220; css_animation=&#8220;fadeInUp&#8220;][vc_column_text css_animation=&#8220;fadeInUp&#8220;]<\/p>\n<p style=\"text-align: center;\"><strong>Mehr als 120 dB Dynamikbereich<\/strong><\/p>\n<p style=\"text-align: center;\">Erzielen Sie selbst bei extremen Lichtverh\u00e4ltnissen eine detaillierte Datenausgabe. Mit der Triton2 EVS k\u00f6nnen Sie jetzt Details von stockdunkel bis blendend hell in ein und derselben Szene sehen, und das bei jeder Geschwindigkeit.<\/p>\n<p>[\/vc_column_text][\/vc_column_inner][vc_column_inner width=&#8220;1\/3&#8243;][vc_icon icon_fontawesome=&#8220;far fa-lightbulb&#8220; color=&#8220;black&#8220; size=&#8220;xl&#8220; align=&#8220;center&#8220; css=&#8220;.vc_custom_1655749600183{margin-top: 35px !important;margin-bottom: 25px !important;}&#8220;][vc_custom_heading text=&#8220;<strong>SEHR WENIG LICHT ERFORDERLICH<\/strong>&#8220; font_container=&#8220;tag:h2|font_size:26px|text_align:center&#8220; use_theme_fonts=&#8220;yes&#8220; css_animation=&#8220;fadeInUp&#8220;][vc_column_text css_animation=&#8220;fadeInUp&#8220;]<\/p>\n<p style=\"text-align: center;\"><strong>Nur 0,08 lx erforderlich<\/strong><\/p>\n<p style=\"text-align: center;\">Manchmal bergen die dunkelsten Bereiche die klarsten Erkenntnisse. Mit dem Triton2 EVS k\u00f6nnen Sie Ereignisse sehen, bei denen es fast kein Licht gibt, bis hinunter zu 0,08 lx.<\/p>\n<p>[\/vc_column_text][\/vc_column_inner][\/vc_row_inner][\/vc_column][\/vc_row][vc_row css=&#8220;.vc_custom_1656030778072{margin-top: 25px !important;}&#8220;][vc_column offset=&#8220;vc_col-lg-offset-2 vc_col-lg-8&#8243; css=&#8220;.vc_custom_1656030774251{margin-top: 25px !important;}&#8220;][vc_row_inner equal_height=&#8220;yes&#8220; content_placement=&#8220;top&#8220; gap=&#8220;3&#8243;][vc_column_inner width=&#8220;1\/3&#8243;][vc_icon icon_fontawesome=&#8220;fas fa-tint-slash&#8220; color=&#8220;black&#8220; size=&#8220;xl&#8220; align=&#8220;center&#8220; css=&#8220;.vc_custom_1656029837346{margin-top: 35px !important;margin-bottom: 25px !important;}&#8220;][vc_custom_heading text=&#8220;<strong>IP67 Schutz vor Staub &amp; Wasser<\/strong>&#8220; font_container=&#8220;tag:h2|font_size:26px|text_align:center&#8220; use_theme_fonts=&#8220;yes&#8220; css_animation=&#8220;fadeInUp&#8220;][vc_column_text css_animation=&#8220;fadeInUp&#8220;]<\/p>\n<p style=\"text-align: center;\">Mit einem IP67-Objektivtubus und angeschlossenen Kabeln bietet die Triton2 EVS Schutz vor festen Partikeln wie Staub, Schmutz und Sand. Au\u00dferdem bietet sie Schutz gegen das Eindringen von Wasser bis zu 1 Meter Tiefe f\u00fcr 30 Minuten.<\/p>\n<p>[\/vc_column_text][\/vc_column_inner][vc_column_inner width=&#8220;1\/3&#8243;][vc_icon icon_fontawesome=&#8220;fas fa-bolt&#8220; color=&#8220;black&#8220; size=&#8220;xl&#8220; align=&#8220;center&#8220; css=&#8220;.vc_custom_1656023305325{margin-top: 35px !important;margin-bottom: 25px !important;}&#8220;][vc_custom_heading text=&#8220;<strong>M12 2.5GigE PoE Schnittstelle<\/strong>&#8220; font_container=&#8220;tag:h2|font_size:26px|text_align:center&#8220; use_theme_fonts=&#8220;yes&#8220; css_animation=&#8220;fadeInUp&#8220;][vc_column_text css_animation=&#8220;fadeInUp&#8220;]<\/p>\n<p style=\"text-align: center;\">Der M12-Ethernet-Anschluss bietet eine robuste und sichere Verbindung, die sowohl die Daten\u00fcbertragung als auch Power-Over-Ethernet (PoE) \u00fcber ein einziges Kabel erm\u00f6glicht und so die Einrichtung und Wartung vereinfacht.<\/p>\n<p>[\/vc_column_text][\/vc_column_inner][vc_column_inner width=&#8220;1\/3&#8243;][vc_icon icon_fontawesome=&#8220;fas fa-crosshairs&#8220; color=&#8220;black&#8220; size=&#8220;xl&#8220; align=&#8220;center&#8220; css=&#8220;.vc_custom_1656023353957{margin-top: 35px !important;margin-bottom: 25px !important;}&#8220;][vc_custom_heading text=&#8220;<strong>Aktive Sensorausrichtung<\/strong>&#8220; font_container=&#8220;tag:h2|font_size:26px|text_align:center&#8220; use_theme_fonts=&#8220;yes&#8220; css_animation=&#8220;fadeInUp&#8220;][vc_column_text css_animation=&#8220;fadeInUp&#8220;]<\/p>\n<p style=\"text-align: center;\">Alle Triton2 EVS-Kameraeinheiten werden w\u00e4hrend der Herstellung aktiv ausgerichtet, um die Neigung des Bildsensors und die Drehung des Bildsensors zu minimieren und den Mittelpunkt des Bildsensors auf die optische Achse des Objektivs zu legen.<\/p>\n<p>[\/vc_column_text][\/vc_column_inner][\/vc_row_inner][\/vc_column][\/vc_row][vc_row css=&#8220;.vc_custom_1656028747866{margin-top: 25px !important;}&#8220;][vc_column offset=&#8220;vc_col-lg-offset-3 vc_col-lg-6&#8243; css=&#8220;.vc_custom_1718765164640{margin-top: 25px !important;margin-bottom: 0px !important;}&#8220;][vc_row_inner equal_height=&#8220;yes&#8220; content_placement=&#8220;top&#8220;][vc_column_inner width=&#8220;1\/2&#8243;][vc_column_text css_animation=&#8220;fadeInUp&#8220;]<\/p>\n<p style=\"text-align: center;\"><img data-opt-id=2064469510  decoding=\"async\" class=\"alignnone size-thumbnail wp-image-114720\" src=\"https:\/\/mlxrlrwirvff.i.optimole.com\/cb:UhP2~57313\/w:auto\/h:auto\/q:75\/ig:avif\/https:\/\/thinklucid.com\/wp-content\/uploads\/2022\/06\/shock-vibration-black-1.svg\" alt=\"shock vibration logo\" width=\"135\" height=\"135\" \/><\/p>\n<p>[\/vc_column_text][vc_custom_heading text=&#8220;<strong>Schock und Vibration<\/strong>&#8220; font_container=&#8220;tag:h2|font_size:26px|text_align:center&#8220; use_theme_fonts=&#8220;yes&#8220; css_animation=&#8220;fadeInUp&#8220;][vc_column_text css_animation=&#8220;fadeInUp&#8220;]<\/p>\n<p style=\"text-align: center;\">Gepr\u00fcft und zertifiziert gegen physikalische St\u00f6\u00dfe (x\/y\/z), St\u00f6\u00dfe (x\/y\/z) und Vibrationen (x\/y\/z, zuf\u00e4llig und sinusf\u00f6rmig).<\/p>\n<p>[\/vc_column_text][\/vc_column_inner][vc_column_inner width=&#8220;1\/2&#8243;][vc_column_text css_animation=&#8220;fadeInUp&#8220;]<\/p>\n<p style=\"text-align: center;\"><img data-opt-id=1985044433  decoding=\"async\" class=\"alignnone size-thumbnail wp-image-114726\" src=\"https:\/\/mlxrlrwirvff.i.optimole.com\/cb:UhP2~57313\/w:auto\/h:auto\/q:75\/ig:avif\/https:\/\/thinklucid.com\/wp-content\/uploads\/2022\/06\/EMC-immunity.svg\" alt=\"EMC immunity logo\" width=\"120\" height=\"120\" \/><\/p>\n<p>[\/vc_column_text][vc_custom_heading text=&#8220;<strong>Industrielle EMV-St\u00f6rfestigkeit<\/strong>&#8220; font_container=&#8220;tag:h2|font_size:26px|text_align:center&#8220; use_theme_fonts=&#8220;yes&#8220; css_animation=&#8220;fadeInUp&#8220;][vc_column_text css_animation=&#8220;fadeInUp&#8220;]<\/p>\n<p style=\"text-align: center;\">Immunit\u00e4t gegen Spannungsschwankungen, elektrostatische Entladungen, \u00dcberspannungen, starke Magnetfelder und Stromemissionen.<\/p>\n<p>[\/vc_column_text][\/vc_column_inner][\/vc_row_inner][\/vc_column][\/vc_row][vc_row full_width=&#8220;stretch_row_content_no_spaces&#8220; css=&#8220;.vc_custom_1718765203552{margin-top: 40px !important;padding-top: 25px !important;}&#8220;][vc_column width=&#8220;5\/6&#8243; offset=&#8220;vc_col-lg-offset-1 vc_col-lg-10 vc_col-md-offset-1 vc_col-md-10 vc_col-sm-offset-0&#8243; css=&#8220;.vc_custom_1718765737118{margin-bottom: 80px !important;}&#8220;][vc_custom_heading text=&#8220;Entdecken Sie unsere Triton2 EVS ereignisbasierten Vision-Kameramodelle&#8220; font_container=&#8220;tag:h2|text_align:center&#8220; use_theme_fonts=&#8220;yes&#8220; css=&#8220;.vc_custom_1718765130849{margin-top: 25px !important;}&#8220;][vc_column_text]\n<div id=\"tablepress-212-scroll-wrapper\" class=\"tablepress-scroll-wrapper\">\n<table id=\"tablepress-212\" class=\"tablepress tablepress-id-212 phoenix-model-table tablepress-responsive\">\n<thead>\n<tr class=\"row-1\">\n\t<th class=\"column-1\">Kameramodell<\/th><th class=\"column-2\">Aufl\u00f6sung<\/th><th class=\"column-3\">Aufl\u00f6sung (HxV)<\/th><th class=\"column-4\">Bildrate<\/th><th class=\"column-5\">Sensor<\/th><th class=\"column-6\">Max. Bildkreis<\/th><th class=\"column-7\">Pixelgr\u00f6\u00dfe<\/th><th class=\"column-8\">Shutter-Technologie<\/th><th class=\"column-9\">Objektivanschluss<\/th><th class=\"column-10\">Mono\/Farbe<\/th><th class=\"column-11\">Schnittstelle<\/th>\n<\/tr>\n<\/thead>\n<tbody class=\"row-striping row-hover\">\n<tr class=\"row-2\">\n\t<td class=\"column-1\"><strong><a href=\"\/de\/product\/triton2-evs-0-9mp-imx636\/\">TRT009S-EC<\/a><\/strong><\/td><td class=\"column-2\">0,9 MP <\/td><td class=\"column-3\">1280 x 720 px<\/td><td class=\"column-4\">N\/A<\/td><td class=\"column-5\">Sony | Prophesee IMX636 CMOS<\/td><td class=\"column-6\">1\/2.5\u201d<\/td><td class=\"column-7\">4,86 \u00b5m<\/td><td class=\"column-8\">Shutter-Free<\/td><td class=\"column-9\">C<\/td><td class=\"column-10\">Mono <\/td><td class=\"column-11\">2,5GigE M12<\/td>\n<\/tr>\n<tr class=\"row-3\">\n\t<td class=\"column-1\"><strong><a href=\"\/de\/product\/triton2-evs-0-3mp-imx637\/\">TRT003S-EC<\/a><\/strong><\/td><td class=\"column-2\">0,3 MP<\/td><td class=\"column-3\">640 x 512 px<\/td><td class=\"column-4\">N\/A<\/td><td class=\"column-5\">Sony | Prophesee IMX637 CMOS<\/td><td class=\"column-6\">1\/4.5\u201d<\/td><td class=\"column-7\">4,86 \u00b5m<\/td><td class=\"column-8\">Shutter-Free<\/td><td class=\"column-9\">C<\/td><td class=\"column-10\">Mono<\/td><td class=\"column-11\">2,5GigE M12<\/td>\n<\/tr>\n<\/tbody>\n<\/table>\n<\/div>\n[\/vc_column_text][\/vc_column][\/vc_row][vc_row full_width=&#8220;stretch_row_content_no_spaces&#8220; parallax=&#8220;content-moving&#8220; parallax_image=&#8220;114700&#8243; parallax_speed_bg=&#8220;3&#8243; css=&#8220;.vc_custom_1718765319647{padding-top: 80px !important;padding-bottom: 80px !important;}&#8220;][vc_column width=&#8220;5\/6&#8243; offset=&#8220;vc_col-sm-offset-1&#8243;][vc_custom_heading text=&#8220;Triton2 EVS: Ereignisgesteuerte Bildverarbeitungskamera. Sehen Sie wie das menschliche Auge und \u00fcberwinden Sie die Grenzen der konventionellen Bildverarbeitung.&#8220; font_container=&#8220;tag:h2|text_align:center&#8220; use_theme_fonts=&#8220;yes&#8220;][\/vc_column][\/vc_row]<\/p>\n<\/div>","protected":false},"excerpt":{"rendered":"<p>[vc_row][vc_column][\/vc_column][\/vc_row][vc_row bg_type=&#8220;bg_color&#8220; bg_override=&#8220;ex-full&#8220; bg_color_value=&#8220;#002647&#8243;][vc_column css=&#8220;.vc_custom_1655699251947{padding-top: 55px !important;padding-bottom: 85px !important;}&#8220;][vc_single_image image=&#8220;168888&#8243; img_size=&#8220;full&#8220; alignment=&#8220;center&#8220; css_animation=&#8220;fadeInUp&#8220;][vc_custom_heading text=&#8220;Geschwindigkeit, Leistung, Effizienz und Sicherheit f\u00fcr eine&hellip;<\/p>\n","protected":false},"author":2,"featured_media":0,"parent":0,"menu_order":0,"comment_status":"closed","ping_status":"closed","template":"templates\/full-width.php","meta":{"inline_featured_image":false,"footnotes":""},"tags":[],"camera_family":[],"class_list":["post-168919","page","type-page","status-publish","hentry"],"aioseo_notices":[],"_links":{"self":[{"href":"https:\/\/thinklucid.com\/de\/wp-json\/wp\/v2\/pages\/168919","targetHints":{"allow":["GET"]}}],"collection":[{"href":"https:\/\/thinklucid.com\/de\/wp-json\/wp\/v2\/pages"}],"about":[{"href":"https:\/\/thinklucid.com\/de\/wp-json\/wp\/v2\/types\/page"}],"author":[{"embeddable":true,"href":"https:\/\/thinklucid.com\/de\/wp-json\/wp\/v2\/users\/2"}],"replies":[{"embeddable":true,"href":"https:\/\/thinklucid.com\/de\/wp-json\/wp\/v2\/comments?post=168919"}],"version-history":[{"count":1,"href":"https:\/\/thinklucid.com\/de\/wp-json\/wp\/v2\/pages\/168919\/revisions"}],"predecessor-version":[{"id":185073,"href":"https:\/\/thinklucid.com\/de\/wp-json\/wp\/v2\/pages\/168919\/revisions\/185073"}],"wp:attachment":[{"href":"https:\/\/thinklucid.com\/de\/wp-json\/wp\/v2\/media?parent=168919"}],"wp:term":[{"taxonomy":"post_tag","embeddable":true,"href":"https:\/\/thinklucid.com\/de\/wp-json\/wp\/v2\/tags?post=168919"},{"taxonomy":"camera_family","embeddable":true,"href":"https:\/\/thinklucid.com\/de\/wp-json\/wp\/v2\/camera_family?post=168919"}],"curies":[{"name":"wp","href":"https:\/\/api.w.org\/{rel}","templated":true}]}}